{"id":112,"date":"2020-11-15T17:49:44","date_gmt":"2020-11-15T16:49:44","guid":{"rendered":"https:\/\/www.psychotherapie-dresden-blasewitz.de\/?page_id=112"},"modified":"2020-11-18T18:20:44","modified_gmt":"2020-11-18T17:20:44","slug":"kostenerstattung","status":"publish","type":"page","link":"https:\/\/www.psychotherapie-dresden-blasewitz.de\/index.php\/information\/kosten\/kostenerstattung\/","title":{"rendered":"Kostenerstattung"},"content":{"rendered":"\n<p>Einen Ratgeber der\u00a0<a href=\"http:\/\/www.bptk.de\/\">Bundespsychotherapeutenkammer<\/a>\u00a0zur Kostenerstatung finden Sie\u00a0hier.<\/p>\n\n\n\n<p>Etwa 85 Prozent der Bev\u00f6lkerung sind gesetzlich krankenversichert. Als Mitglied einer gesetzlichen Krankenversicherung zahlt Ihre Kasse eine psychotherapeutische Behandlung im Rahmen der Vertragspsychotherapie, d. h. bei psychologischen oder \u00e4rztlichen Psychotherapeuten mit einer \u201eKassenzulassung\u201c (Vertragspsychotherapeutensitz). Die kassen\u00e4rztliche Vereinigung Sachsen hat daf\u00fcr Sorge zu tragen, dass ausreichend Psychotherapeuten f\u00fcr die Versorgung von gesetzlich Krankenversicherten Patienten zur Verf\u00fcgung stehen. Trotzdem ist es m\u00f6glich, dass Sie keinen Therapieplatz innerhalb einer akzeptablen Wartezeit finden. Besonders f\u00fcr Kinder und Jugendliche ist es oft schwer, zeitnah einen geeigneten Therapieplatz zu finden. Das Sozialgericht lehnt Wartezeiten die \u00fcber sechs Wochen hinaus gehen oder mit einer Fahrzeit von mehr als 45 Minuten verbunden sind, als unzumutbar ab. Sie m\u00fcssen auch keinen Behandler akzeptieren, der Ihnen nicht sympathisch ist oder sie andere Vorbehalte haben.<\/p>\n\n\n\n<p>Voraussetzung f\u00fcr die Kostenerstattung auf Seiten des Therapeuten ist die Approbation und der Eintrag im Arztregister mit dem Fachkundenachweis.<\/p>\n\n\n\n<p>Sollten Sie keinen geeigneten Vertragspychotherapeuten finden, ist unter folgenden Voraussetzungen eine Kostenerstattung durch Ihre Krankenkasse m\u00f6glich:<\/p>\n\n\n\n<ol class=\"wp-block-list\"><li>Sie erbringen den Nachweis, dass Sie mehrere vergebliche Versuche unternommen haben, einen Psychotherapeuten zu finden (Auflistung und kurze Notiz \u00fcber die voraussichtlichen Warte- und Wegezeiten bei den kontaktierten Vertragspsychotherapeuten).<\/li><li>Ein Arzt oder Psychotherapeut der innerhalb der psychotherapeutischen Vertragsbehandlung t\u00e4tig ist, stellt Ihnen eine Dringlichkeitsbescheinigung aus, in der kurz die Unaufschiebbarkeit der Verhaltenstherapie bescheinigt wird.<\/li><\/ol>\n\n\n\n<p>Bei Vorliegen dieser Formalit\u00e4ten kann ein Antrag auf Kostenerstattung bei Ihrer Krankenkasse gestellt werden: In der Praxis hat es sich bew\u00e4hrt, dass der Patient bei der Krankenkasse einen formlosen schriftlichen Antrag auf Kostenerstattung f\u00fcr Psychotherapie stellt.<\/p>\n\n\n\n<p>Dem Antrag muss die Notwendigkeitsbescheinigung (siehe oben) beigelegt sein und er sollte folgende Angaben des Psychotherapeuten beinhalten: Die Diagnose (gem\u00e4\u00df ICD10) mit Vermerk, dass es sich um eine Krankheit im Sinne des SGB V handelt und dass die psychotherapeutische Behandlung in seiner Praxis umgehend begonnen werden kann. Des Weiteren Angaben \u00fcber Art und Umfang der Behandlung, die veranschlagte Anzahl der Sitzungen sowie das Honorar pro Sitzung. Die Krankenkasse ist verpflichtet, den Antrag zu bescheiden. Bei einer Ablehnung kann Widerspruch eingelegt werden. &nbsp;Allerdings muss erw\u00e4hnt werden, dass die Krankenkassen sich sehr unterschiedlich bez\u00fcglich der Kostenerstattung positionieren. Einige Kassen sind sehr kooperativ, andere bauen hohe H\u00fcrden auf, die das Procedere sehr &nbsp;erschweren k\u00f6nnen. Zur Zeit kann ich leider keine Behandlung im Rahmen der Kostenerstattung anbieten.<\/p>\n","protected":false},"excerpt":{"rendered":"<p>Einen Ratgeber der\u00a0Bundespsychotherapeutenkammer\u00a0zur Kostenerstatung finden Sie\u00a0hier. Etwa 85 Prozent der Bev\u00f6lkerung sind gesetzlich krankenversichert. Als Mitglied einer gesetzlichen Krankenversicherung zahlt Ihre Kasse eine psychotherapeutische Behandlung im Rahmen der Vertragspsychotherapie, d. h. bei psychologischen oder \u00e4rztlichen Psychotherapeuten mit einer \u201eKassenzulassung\u201c (Vertragspsychotherapeutensitz). Die kassen\u00e4rztliche Vereinigung Sachsen hat daf\u00fcr Sorge zu tragen, dass ausreichend Psychotherapeuten f\u00fcr die Versorgung [&hellip;]<\/p>\n","protected":false},"author":1,"featured_media":0,"parent":22,"menu_order":0,"comment_status":"closed","ping_status":"closed","template":"","meta":{"footnotes":""},"class_list":["post-112","page","type-page","status-publish","czr-hentry"],"yoast_head":"<!-- This site is optimized with the Yoast SEO plugin v27.5 - https:\/\/yoast.com\/product\/yoast-seo-wordpress\/ -->\n<title>Kostenerstattung - Praxis f\u00fcr Psychotherapie<\/title>\n<meta name=\"robots\" content=\"index, follow, max-snippet:-1, max-image-preview:large, max-video-preview:-1\" \/>\n<link rel=\"canonical\" href=\"https:\/\/www.psychotherapie-dresden-blasewitz.de\/index.php\/information\/kosten\/kostenerstattung\/\" \/>\n<meta property=\"og:locale\" content=\"de_DE\" \/>\n<meta property=\"og:type\" content=\"article\" \/>\n<meta property=\"og:title\" content=\"Kostenerstattung - Praxis f\u00fcr Psychotherapie\" \/>\n<meta property=\"og:description\" content=\"Einen Ratgeber der\u00a0Bundespsychotherapeutenkammer\u00a0zur Kostenerstatung finden Sie\u00a0hier. Etwa 85 Prozent der Bev\u00f6lkerung sind gesetzlich krankenversichert. Als Mitglied einer gesetzlichen Krankenversicherung zahlt Ihre Kasse eine psychotherapeutische Behandlung im Rahmen der Vertragspsychotherapie, d. h. bei psychologischen oder \u00e4rztlichen Psychotherapeuten mit einer \u201eKassenzulassung\u201c (Vertragspsychotherapeutensitz). Die kassen\u00e4rztliche Vereinigung Sachsen hat daf\u00fcr Sorge zu tragen, dass ausreichend Psychotherapeuten f\u00fcr die Versorgung [&hellip;]\" \/>\n<meta property=\"og:url\" content=\"https:\/\/www.psychotherapie-dresden-blasewitz.de\/index.php\/information\/kosten\/kostenerstattung\/\" \/>\n<meta property=\"og:site_name\" content=\"Praxis f\u00fcr Psychotherapie\" \/>\n<meta property=\"article:modified_time\" content=\"2020-11-18T17:20:44+00:00\" \/>\n<meta name=\"twitter:card\" content=\"summary_large_image\" \/>\n<meta name=\"twitter:label1\" content=\"Gesch\u00e4tzte Lesezeit\" \/>\n\t<meta name=\"twitter:data1\" content=\"2\u00a0Minuten\" \/>\n<script type=\"application\/ld+json\" class=\"yoast-schema-graph\">{\"@context\":\"https:\\\/\\\/schema.org\",\"@graph\":[{\"@type\":\"WebPage\",\"@id\":\"https:\\\/\\\/www.psychotherapie-dresden-blasewitz.de\\\/index.php\\\/information\\\/kosten\\\/kostenerstattung\\\/\",\"url\":\"https:\\\/\\\/www.psychotherapie-dresden-blasewitz.de\\\/index.php\\\/information\\\/kosten\\\/kostenerstattung\\\/\",\"name\":\"Kostenerstattung - Praxis f\u00fcr Psychotherapie\",\"isPartOf\":{\"@id\":\"https:\\\/\\\/www.psychotherapie-dresden-blasewitz.de\\\/#website\"},\"datePublished\":\"2020-11-15T16:49:44+00:00\",\"dateModified\":\"2020-11-18T17:20:44+00:00\",\"breadcrumb\":{\"@id\":\"https:\\\/\\\/www.psychotherapie-dresden-blasewitz.de\\\/index.php\\\/information\\\/kosten\\\/kostenerstattung\\\/#breadcrumb\"},\"inLanguage\":\"de\",\"potentialAction\":[{\"@type\":\"ReadAction\",\"target\":[\"https:\\\/\\\/www.psychotherapie-dresden-blasewitz.de\\\/index.php\\\/information\\\/kosten\\\/kostenerstattung\\\/\"]}]},{\"@type\":\"BreadcrumbList\",\"@id\":\"https:\\\/\\\/www.psychotherapie-dresden-blasewitz.de\\\/index.php\\\/information\\\/kosten\\\/kostenerstattung\\\/#breadcrumb\",\"itemListElement\":[{\"@type\":\"ListItem\",\"position\":1,\"name\":\"Startseite\",\"item\":\"https:\\\/\\\/www.psychotherapie-dresden-blasewitz.de\\\/\"},{\"@type\":\"ListItem\",\"position\":2,\"name\":\"Informationen\",\"item\":\"https:\\\/\\\/www.psychotherapie-dresden-blasewitz.de\\\/index.php\\\/information\\\/\"},{\"@type\":\"ListItem\",\"position\":3,\"name\":\"Kosten\",\"item\":\"https:\\\/\\\/www.psychotherapie-dresden-blasewitz.de\\\/index.php\\\/information\\\/kosten\\\/\"},{\"@type\":\"ListItem\",\"position\":4,\"name\":\"Kostenerstattung\"}]},{\"@type\":\"WebSite\",\"@id\":\"https:\\\/\\\/www.psychotherapie-dresden-blasewitz.de\\\/#website\",\"url\":\"https:\\\/\\\/www.psychotherapie-dresden-blasewitz.de\\\/\",\"name\":\"Praxis f\u00fcr Psychotherapie\",\"description\":\"Karin Bischoff-Krauth\u00e4user, Diplom-Psychologin, Psychologische Psychotherapeutin\",\"publisher\":{\"@id\":\"https:\\\/\\\/www.psychotherapie-dresden-blasewitz.de\\\/#organization\"},\"potentialAction\":[{\"@type\":\"SearchAction\",\"target\":{\"@type\":\"EntryPoint\",\"urlTemplate\":\"https:\\\/\\\/www.psychotherapie-dresden-blasewitz.de\\\/?s={search_term_string}\"},\"query-input\":{\"@type\":\"PropertyValueSpecification\",\"valueRequired\":true,\"valueName\":\"search_term_string\"}}],\"inLanguage\":\"de\"},{\"@type\":\"Organization\",\"@id\":\"https:\\\/\\\/www.psychotherapie-dresden-blasewitz.de\\\/#organization\",\"name\":\"Praxis f\u00fcr Psychotherapie Karin Bischoff-Krauth\u00e4user\",\"url\":\"https:\\\/\\\/www.psychotherapie-dresden-blasewitz.de\\\/\",\"logo\":{\"@type\":\"ImageObject\",\"inLanguage\":\"de\",\"@id\":\"https:\\\/\\\/www.psychotherapie-dresden-blasewitz.de\\\/#\\\/schema\\\/logo\\\/image\\\/\",\"url\":\"https:\\\/\\\/www.psychotherapie-dresden-blasewitz.de\\\/wp-content\\\/uploads\\\/2021\\\/10\\\/Bildschirmfoto-2021-10-30-um-13.40.11.png\",\"contentUrl\":\"https:\\\/\\\/www.psychotherapie-dresden-blasewitz.de\\\/wp-content\\\/uploads\\\/2021\\\/10\\\/Bildschirmfoto-2021-10-30-um-13.40.11.png\",\"width\":570,\"height\":314,\"caption\":\"Praxis f\u00fcr Psychotherapie Karin Bischoff-Krauth\u00e4user\"},\"image\":{\"@id\":\"https:\\\/\\\/www.psychotherapie-dresden-blasewitz.de\\\/#\\\/schema\\\/logo\\\/image\\\/\"}}]}<\/script>\n<!-- \/ Yoast SEO plugin. -->","yoast_head_json":{"title":"Kostenerstattung - Praxis f\u00fcr Psychotherapie","robots":{"index":"index","follow":"follow","max-snippet":"max-snippet:-1","max-image-preview":"max-image-preview:large","max-video-preview":"max-video-preview:-1"},"canonical":"https:\/\/www.psychotherapie-dresden-blasewitz.de\/index.php\/information\/kosten\/kostenerstattung\/","og_locale":"de_DE","og_type":"article","og_title":"Kostenerstattung - Praxis f\u00fcr Psychotherapie","og_description":"Einen Ratgeber der\u00a0Bundespsychotherapeutenkammer\u00a0zur Kostenerstatung finden Sie\u00a0hier. Etwa 85 Prozent der Bev\u00f6lkerung sind gesetzlich krankenversichert. Als Mitglied einer gesetzlichen Krankenversicherung zahlt Ihre Kasse eine psychotherapeutische Behandlung im Rahmen der Vertragspsychotherapie, d. h. bei psychologischen oder \u00e4rztlichen Psychotherapeuten mit einer \u201eKassenzulassung\u201c (Vertragspsychotherapeutensitz). Die kassen\u00e4rztliche Vereinigung Sachsen hat daf\u00fcr Sorge zu tragen, dass ausreichend Psychotherapeuten f\u00fcr die Versorgung [&hellip;]","og_url":"https:\/\/www.psychotherapie-dresden-blasewitz.de\/index.php\/information\/kosten\/kostenerstattung\/","og_site_name":"Praxis f\u00fcr Psychotherapie","article_modified_time":"2020-11-18T17:20:44+00:00","twitter_card":"summary_large_image","twitter_misc":{"Gesch\u00e4tzte Lesezeit":"2\u00a0Minuten"},"schema":{"@context":"https:\/\/schema.org","@graph":[{"@type":"WebPage","@id":"https:\/\/www.psychotherapie-dresden-blasewitz.de\/index.php\/information\/kosten\/kostenerstattung\/","url":"https:\/\/www.psychotherapie-dresden-blasewitz.de\/index.php\/information\/kosten\/kostenerstattung\/","name":"Kostenerstattung - Praxis f\u00fcr Psychotherapie","isPartOf":{"@id":"https:\/\/www.psychotherapie-dresden-blasewitz.de\/#website"},"datePublished":"2020-11-15T16:49:44+00:00","dateModified":"2020-11-18T17:20:44+00:00","breadcrumb":{"@id":"https:\/\/www.psychotherapie-dresden-blasewitz.de\/index.php\/information\/kosten\/kostenerstattung\/#breadcrumb"},"inLanguage":"de","potentialAction":[{"@type":"ReadAction","target":["https:\/\/www.psychotherapie-dresden-blasewitz.de\/index.php\/information\/kosten\/kostenerstattung\/"]}]},{"@type":"BreadcrumbList","@id":"https:\/\/www.psychotherapie-dresden-blasewitz.de\/index.php\/information\/kosten\/kostenerstattung\/#breadcrumb","itemListElement":[{"@type":"ListItem","position":1,"name":"Startseite","item":"https:\/\/www.psychotherapie-dresden-blasewitz.de\/"},{"@type":"ListItem","position":2,"name":"Informationen","item":"https:\/\/www.psychotherapie-dresden-blasewitz.de\/index.php\/information\/"},{"@type":"ListItem","position":3,"name":"Kosten","item":"https:\/\/www.psychotherapie-dresden-blasewitz.de\/index.php\/information\/kosten\/"},{"@type":"ListItem","position":4,"name":"Kostenerstattung"}]},{"@type":"WebSite","@id":"https:\/\/www.psychotherapie-dresden-blasewitz.de\/#website","url":"https:\/\/www.psychotherapie-dresden-blasewitz.de\/","name":"Praxis f\u00fcr Psychotherapie","description":"Karin Bischoff-Krauth\u00e4user, Diplom-Psychologin, Psychologische Psychotherapeutin","publisher":{"@id":"https:\/\/www.psychotherapie-dresden-blasewitz.de\/#organization"},"potentialAction":[{"@type":"SearchAction","target":{"@type":"EntryPoint","urlTemplate":"https:\/\/www.psychotherapie-dresden-blasewitz.de\/?s={search_term_string}"},"query-input":{"@type":"PropertyValueSpecification","valueRequired":true,"valueName":"search_term_string"}}],"inLanguage":"de"},{"@type":"Organization","@id":"https:\/\/www.psychotherapie-dresden-blasewitz.de\/#organization","name":"Praxis f\u00fcr Psychotherapie Karin Bischoff-Krauth\u00e4user","url":"https:\/\/www.psychotherapie-dresden-blasewitz.de\/","logo":{"@type":"ImageObject","inLanguage":"de","@id":"https:\/\/www.psychotherapie-dresden-blasewitz.de\/#\/schema\/logo\/image\/","url":"https:\/\/www.psychotherapie-dresden-blasewitz.de\/wp-content\/uploads\/2021\/10\/Bildschirmfoto-2021-10-30-um-13.40.11.png","contentUrl":"https:\/\/www.psychotherapie-dresden-blasewitz.de\/wp-content\/uploads\/2021\/10\/Bildschirmfoto-2021-10-30-um-13.40.11.png","width":570,"height":314,"caption":"Praxis f\u00fcr Psychotherapie Karin Bischoff-Krauth\u00e4user"},"image":{"@id":"https:\/\/www.psychotherapie-dresden-blasewitz.de\/#\/schema\/logo\/image\/"}}]}},"_links":{"self":[{"href":"https:\/\/www.psychotherapie-dresden-blasewitz.de\/index.php\/wp-json\/wp\/v2\/pages\/112","targetHints":{"allow":["GET"]}}],"collection":[{"href":"https:\/\/www.psychotherapie-dresden-blasewitz.de\/index.php\/wp-json\/wp\/v2\/pages"}],"about":[{"href":"https:\/\/www.psychotherapie-dresden-blasewitz.de\/index.php\/wp-json\/wp\/v2\/types\/page"}],"author":[{"embeddable":true,"href":"https:\/\/www.psychotherapie-dresden-blasewitz.de\/index.php\/wp-json\/wp\/v2\/users\/1"}],"replies":[{"embeddable":true,"href":"https:\/\/www.psychotherapie-dresden-blasewitz.de\/index.php\/wp-json\/wp\/v2\/comments?post=112"}],"version-history":[{"count":2,"href":"https:\/\/www.psychotherapie-dresden-blasewitz.de\/index.php\/wp-json\/wp\/v2\/pages\/112\/revisions"}],"predecessor-version":[{"id":207,"href":"https:\/\/www.psychotherapie-dresden-blasewitz.de\/index.php\/wp-json\/wp\/v2\/pages\/112\/revisions\/207"}],"up":[{"embeddable":true,"href":"https:\/\/www.psychotherapie-dresden-blasewitz.de\/index.php\/wp-json\/wp\/v2\/pages\/22"}],"wp:attachment":[{"href":"https:\/\/www.psychotherapie-dresden-blasewitz.de\/index.php\/wp-json\/wp\/v2\/media?parent=112"}],"curies":[{"name":"wp","href":"https:\/\/api.w.org\/{rel}","templated":true}]}}