{"id":12,"date":"2020-11-15T16:35:52","date_gmt":"2020-11-15T15:35:52","guid":{"rendered":"https:\/\/www.psychotherapie-dresden-blasewitz.de\/?page_id=12"},"modified":"2026-05-05T19:47:11","modified_gmt":"2026-05-05T17:47:11","slug":"praxis-fuer-psychotherapie","status":"publish","type":"page","link":"https:\/\/www.psychotherapie-dresden-blasewitz.de\/","title":{"rendered":"Praxis f\u00fcr Psychotherapie"},"content":{"rendered":"\n<h2 class=\"wp-block-heading\" id=\"block-06e69e93-eecb-4471-a668-4caa83ecd23c\">Dipl.-Psych. Karin Bischoff-Krauth\u00e4user \u2013 Psychologische Psychotherapeutin (Verhaltenstherapie)<\/h2>\n\n\n\n<p id=\"block-793f763c-2967-4d13-84a4-c21fd96aad52\">In meiner Praxis biete ich Ihnen Psychotherapie und psychologische Beratung f\u00fcr Kinder, Jugendliche und Erwachsene an. Die Kosten werden bis zum 21. Lebensjahr von allen gesetzlichen Krankenkassen \u00fcbernommen. Ab dem 21. Lebensjahr ist ausschlie\u00dflich eine Privatabrechnung m\u00f6glich. Vor dem 21. Lebensjahr begonnene Therapien werden selbstverst\u00e4ndlich zu Ende gef\u00fchrt. <\/p>\n\n\n\n<p><\/p>\n\n\n\n<p><\/p>\n\n\n\n<p id=\"block-793f763c-2967-4d13-84a4-c21fd96aad52\">Die Praxis ist verkehrsg\u00fcnstig am Schillerplatz gelegen.<\/p>\n\n\n\n<p>Vereinbaren Sie gerne telefonisch einen Termin f\u00fcr eine pers\u00f6nliche Sprechstunde. Sie erreichen mich <strong>Montags und Dienstags jeweils von 17.00 Uhr bis 18.40 Uhr<\/strong> unter der Telefonnummer 0351-4051456. <strong> <\/strong>Terminvereinbarungen sind ausschlie\u00dflich innerhalb der Telefonssprechstunde m\u00f6glich und nicht per Email.<\/p>\n\n\n\n<p><strong>Sprechstundentermine finden in der Regel am Vormittag statt. Die Sprechstunde dient ausschlie\u00dflich zur Beratung und der Einsch\u00e4tzung, ob eine Psychotherapie notwendig ist. Wenn in der Sprechstunde festgestellt wird, dass eine Therapie sinnvoll ist, heisst das leider nicht automatisch, dass in meiner Praxis ein Therapieplatz zur Verf\u00fcgung steht. Die Therapiepl\u00e4tze am Nachmittag sind aktuell alle belegt<\/strong>. <strong>Sprechstundentermine sind wieder ab Juli 2026 m\u00f6glich.<\/strong><\/p>\n\n\n\n<hr class=\"wp-block-separator has-css-opacity\"\/>\n\n\n\n<h3 class=\"wp-block-heading\">Wann bin ich die richtige Ansprechpartnerin f\u00fcr Sie?<\/h3>\n\n\n\n<ul class=\"wp-block-list\">\n<li>Sie sind zum Therapiebeginn unter 21 Jahre alt und gesetzlich und privat oder privat\/Beihilfe versichert oder \u00e4lter als 21 Jahre und privat oder privat\/Beihilfe versichert.<\/li>\n<\/ul>\n\n\n\n<h3 class=\"wp-block-heading\">Was sind meine Schwerpunkte?<\/h3>\n\n\n\n<ul class=\"wp-block-list\">\n<li>Schwerpunkt ist die Behandlung von Studierenden, Auszubildenden, Kindern, Jugendlichen und Erwachsenen<\/li>\n\n\n\n<li>Angst- und Zwangsst\u00f6rungen\n<ul class=\"wp-block-list\">\n<li>Pr\u00fcfungsangst<\/li>\n\n\n\n<li>soziale \u00c4ngste<\/li>\n\n\n\n<li>Selbstwertproblematiken (Selbstunsicherheit, Versagens\u00e4ngste)<\/li>\n\n\n\n<li>Zwangsgedanken und Zwangshandlungen<\/li>\n<\/ul>\n<\/li>\n\n\n\n<li>Psychosomatische Beschwerden (Kopfschmerzen, Migr\u00e4ne)<\/li>\n\n\n\n<li>Depressionen<\/li>\n<\/ul>\n\n\n\n<p>Weitere Informationen \u00fcber die Schwerpunkte der Behandlung finden Sie&nbsp;<a href=\"https:\/\/www.psychotherapie-dresden-blasewitz.de\/index.php\/information\/schwerpunkte\/\">hier<\/a>.<\/p>\n\n\n\n<h3 class=\"wp-block-heading\">Wann bin ich nicht die richtige Ansprechpartnerin f\u00fcr Sie?<\/h3>\n\n\n\n<ul class=\"wp-block-list\">\n<li>Sollte der Verdacht auf eine ADHS Problematik vorliegen, wenden Sie sich bitte an einen Kinder- und Jugendpsychiater, da ggf. die Einleitung einer medikament\u00f6sen Behandlung notwendig ist. <\/li>\n\n\n\n<li>Ich arbeite nur mit wissenschaftlich anerkannten Methoden, alternative und nicht allgemein anerkannte Heilmethoden (z.B. Globuli, Bachbl\u00fcten, etc.) finden keine Anwendung.<\/li>\n\n\n\n<li>Bei Suchtproblemen  (z.B. regelm\u00e4\u00dfiger Konsum von Alkohol oder Cannabis) bin ich nicht der richtige Ansprechpartner. Auch wenn au\u00dferdem zum Beispiel Depressionen oder andere psychische Erkrankungen bestehen, ist die Behandlung der Drogenproblematik vorrangig. In der Suchtberatungsstelle der Stadt Dresden  finden Sie  erste Ansprechpartner. <\/li>\n\n\n\n<li>Bei Schulabsentismus wenden Sie sich bitte an das Jugendamt Dresden.<\/li>\n<\/ul>\n\n\n\n<h3 class=\"wp-block-heading\" id=\"block-223a4610-5ec6-4aae-8ce8-243622de09dd\">Wer tr\u00e4gt die Kosten?<\/h3>\n\n\n\n<h4 class=\"wp-block-heading\" id=\"block-0de92897-7796-4641-916f-1c50a9d87a84\">Versicherte bis 21 Jahre<\/h4>\n\n\n\n<p id=\"block-3835f199-d7de-41fc-8843-cc3dedfba679\">Die Behandlung von Kindern, Jugendlichen und jungen Erwachsenen bis 21 Jahren kann direkt \u00fcber die gesetzliche Krankenversicherung abgerechnet werden. Die Vorlage der Krankenversicherungskarte ist ausreichend. Eine \u00dcberweisung wird nicht ben\u00f6tigt. Ab dem 21. Lebensjahr ist ausschlie\u00dflich eine private Abrechnung m\u00f6glich. Die Regelungen f\u00fcr die private Krankenversicherung h\u00e4ngen von Ihrem Vertrag ab. Erkundigen Sie sich bitte bei Ihrer Versicherung\/Beihilfe. <\/p>\n\n\n\n<h4 class=\"wp-block-heading\" id=\"block-f1d89857-a73f-427c-bd37-e967e09171f4\"> Gesetzliche Versicherte ab 21 Jahre<\/h4>\n\n\n\n<p id=\"block-3cd8a75f-a490-4609-8861-f4f693795f57\">Eine vor dem 21. Lebensjahr begonnene Therapie kann selbstverst\u00e4ndlich zu Ende gef\u00fchrt werden und wird von der gesetzlichen Krankenkasse finanziert. Bei Privatpatienten spielen die Altersgrenzen keine Rolle. <\/p>\n\n\n\n<h4 class=\"wp-block-heading\">Privat Versicherte<\/h4>\n\n\n\n<p>Privat versicherte Patienten k\u00f6nnen unabh\u00e4ngig vom Alter eine Beratung oder Therapie in Anspruch nehmen. <\/p>\n\n\n\n<p>Sie finden weitere Informationen zu Kosten und dem Ablauf einer Psychotherapie bzw. psychologischen Beratung auf folgenden Unterseiten:<\/p>\n\n\n\n<ul class=\"wp-block-list\">\n<li><a href=\"https:\/\/www.psychotherapie-dresden-blasewitz.de\/index.php\/information\/haeufig-gestellte-fragen\/\">H\u00e4ufig gestellte Fragen<\/a><\/li>\n\n\n\n<li><a href=\"https:\/\/www.psychotherapie-dresden-blasewitz.de\/index.php\/information\/ablauf\/\">Ablauf<\/a><\/li>\n\n\n\n<li><a href=\"https:\/\/www.psychotherapie-dresden-blasewitz.de\/index.php\/information\/therapiehund\/\">Praxishund Bico<\/a><\/li>\n<\/ul>\n","protected":false},"excerpt":{"rendered":"<p>Dipl.-Psych. Karin Bischoff-Krauth\u00e4user \u2013 Psychologische Psychotherapeutin (Verhaltenstherapie) In meiner Praxis biete ich Ihnen Psychotherapie und psychologische Beratung f\u00fcr Kinder, Jugendliche und Erwachsene an. Die Kosten werden bis zum 21. Lebensjahr von allen gesetzlichen Krankenkassen \u00fcbernommen. Ab dem 21. Lebensjahr ist ausschlie\u00dflich eine Privatabrechnung m\u00f6glich. Vor dem 21. Lebensjahr begonnene Therapien werden selbstverst\u00e4ndlich zu Ende gef\u00fchrt. [&hellip;]<\/p>\n","protected":false},"author":1,"featured_media":0,"parent":0,"menu_order":0,"comment_status":"closed","ping_status":"closed","template":"","meta":{"footnotes":""},"class_list":["post-12","page","type-page","status-publish","czr-hentry"],"yoast_head":"<!-- This site is optimized with the Yoast SEO plugin v27.5 - https:\/\/yoast.com\/product\/yoast-seo-wordpress\/ -->\n<title>Praxis f\u00fcr Psychotherapie - Karin Bischoff-Krauth\u00e4user, Diplom-Psychologin, Psychologische Psychotherapeutin<\/title>\n<meta name=\"description\" content=\"Meine Praxis bietet Ihnen Psychotherapie und psychologische Beratung f\u00fcr Kinder, Jugendliche und Erwachsene in Dresden.\" \/>\n<meta name=\"robots\" content=\"index, follow, max-snippet:-1, max-image-preview:large, max-video-preview:-1\" \/>\n<link rel=\"canonical\" href=\"https:\/\/www.psychotherapie-dresden-blasewitz.de\/\" \/>\n<meta property=\"og:locale\" content=\"de_DE\" \/>\n<meta property=\"og:type\" content=\"article\" \/>\n<meta property=\"og:title\" content=\"Praxis f\u00fcr Psychotherapie - Karin Bischoff-Krauth\u00e4user, Diplom-Psychologin, Psychologische Psychotherapeutin\" \/>\n<meta property=\"og:description\" content=\"Meine Praxis bietet Ihnen Psychotherapie und psychologische Beratung f\u00fcr Kinder, Jugendliche und Erwachsene in Dresden.\" \/>\n<meta property=\"og:url\" content=\"https:\/\/www.psychotherapie-dresden-blasewitz.de\/\" \/>\n<meta property=\"og:site_name\" content=\"Praxis f\u00fcr Psychotherapie\" \/>\n<meta property=\"article:modified_time\" content=\"2026-05-05T17:47:11+00:00\" \/>\n<meta name=\"twitter:card\" content=\"summary_large_image\" \/>\n<meta name=\"twitter:label1\" content=\"Gesch\u00e4tzte Lesezeit\" \/>\n\t<meta name=\"twitter:data1\" content=\"3\u00a0Minuten\" \/>\n<script type=\"application\/ld+json\" class=\"yoast-schema-graph\">{\"@context\":\"https:\\\/\\\/schema.org\",\"@graph\":[{\"@type\":[\"WebPage\",\"MedicalWebPage\"],\"@id\":\"https:\\\/\\\/www.psychotherapie-dresden-blasewitz.de\\\/\",\"url\":\"https:\\\/\\\/www.psychotherapie-dresden-blasewitz.de\\\/\",\"name\":\"Praxis f\u00fcr Psychotherapie - Karin Bischoff-Krauth\u00e4user, Diplom-Psychologin, Psychologische Psychotherapeutin\",\"isPartOf\":{\"@id\":\"https:\\\/\\\/www.psychotherapie-dresden-blasewitz.de\\\/#website\"},\"datePublished\":\"2020-11-15T15:35:52+00:00\",\"dateModified\":\"2026-05-05T17:47:11+00:00\",\"description\":\"Meine Praxis bietet Ihnen Psychotherapie und psychologische Beratung f\u00fcr Kinder, Jugendliche und Erwachsene in Dresden.\",\"breadcrumb\":{\"@id\":\"https:\\\/\\\/www.psychotherapie-dresden-blasewitz.de\\\/#breadcrumb\"},\"inLanguage\":\"de\",\"potentialAction\":[{\"@type\":\"ReadAction\",\"target\":[\"https:\\\/\\\/www.psychotherapie-dresden-blasewitz.de\\\/\"]}]},{\"@type\":\"BreadcrumbList\",\"@id\":\"https:\\\/\\\/www.psychotherapie-dresden-blasewitz.de\\\/#breadcrumb\",\"itemListElement\":[{\"@type\":\"ListItem\",\"position\":1,\"name\":\"Startseite\",\"item\":\"https:\\\/\\\/www.psychotherapie-dresden-blasewitz.de\\\/\"},{\"@type\":\"ListItem\",\"position\":2,\"name\":\"Praxis f\u00fcr Psychotherapie\"}]},{\"@type\":\"WebSite\",\"@id\":\"https:\\\/\\\/www.psychotherapie-dresden-blasewitz.de\\\/#website\",\"url\":\"https:\\\/\\\/www.psychotherapie-dresden-blasewitz.de\\\/\",\"name\":\"Praxis f\u00fcr Psychotherapie\",\"description\":\"Karin Bischoff-Krauth\u00e4user, Diplom-Psychologin, Psychologische Psychotherapeutin\",\"publisher\":{\"@id\":\"https:\\\/\\\/www.psychotherapie-dresden-blasewitz.de\\\/#organization\"},\"potentialAction\":[{\"@type\":\"SearchAction\",\"target\":{\"@type\":\"EntryPoint\",\"urlTemplate\":\"https:\\\/\\\/www.psychotherapie-dresden-blasewitz.de\\\/?s={search_term_string}\"},\"query-input\":{\"@type\":\"PropertyValueSpecification\",\"valueRequired\":true,\"valueName\":\"search_term_string\"}}],\"inLanguage\":\"de\"},{\"@type\":\"Organization\",\"@id\":\"https:\\\/\\\/www.psychotherapie-dresden-blasewitz.de\\\/#organization\",\"name\":\"Praxis f\u00fcr Psychotherapie Karin Bischoff-Krauth\u00e4user\",\"url\":\"https:\\\/\\\/www.psychotherapie-dresden-blasewitz.de\\\/\",\"logo\":{\"@type\":\"ImageObject\",\"inLanguage\":\"de\",\"@id\":\"https:\\\/\\\/www.psychotherapie-dresden-blasewitz.de\\\/#\\\/schema\\\/logo\\\/image\\\/\",\"url\":\"https:\\\/\\\/www.psychotherapie-dresden-blasewitz.de\\\/wp-content\\\/uploads\\\/2021\\\/10\\\/Bildschirmfoto-2021-10-30-um-13.40.11.png\",\"contentUrl\":\"https:\\\/\\\/www.psychotherapie-dresden-blasewitz.de\\\/wp-content\\\/uploads\\\/2021\\\/10\\\/Bildschirmfoto-2021-10-30-um-13.40.11.png\",\"width\":570,\"height\":314,\"caption\":\"Praxis f\u00fcr Psychotherapie Karin Bischoff-Krauth\u00e4user\"},\"image\":{\"@id\":\"https:\\\/\\\/www.psychotherapie-dresden-blasewitz.de\\\/#\\\/schema\\\/logo\\\/image\\\/\"}}]}<\/script>\n<!-- \/ Yoast SEO plugin. -->","yoast_head_json":{"title":"Praxis f\u00fcr Psychotherapie - Karin Bischoff-Krauth\u00e4user, Diplom-Psychologin, Psychologische Psychotherapeutin","description":"Meine Praxis bietet Ihnen Psychotherapie und psychologische Beratung f\u00fcr Kinder, Jugendliche und Erwachsene in Dresden.","robots":{"index":"index","follow":"follow","max-snippet":"max-snippet:-1","max-image-preview":"max-image-preview:large","max-video-preview":"max-video-preview:-1"},"canonical":"https:\/\/www.psychotherapie-dresden-blasewitz.de\/","og_locale":"de_DE","og_type":"article","og_title":"Praxis f\u00fcr Psychotherapie - Karin Bischoff-Krauth\u00e4user, Diplom-Psychologin, Psychologische Psychotherapeutin","og_description":"Meine Praxis bietet Ihnen Psychotherapie und psychologische Beratung f\u00fcr Kinder, Jugendliche und Erwachsene in Dresden.","og_url":"https:\/\/www.psychotherapie-dresden-blasewitz.de\/","og_site_name":"Praxis f\u00fcr Psychotherapie","article_modified_time":"2026-05-05T17:47:11+00:00","twitter_card":"summary_large_image","twitter_misc":{"Gesch\u00e4tzte Lesezeit":"3\u00a0Minuten"},"schema":{"@context":"https:\/\/schema.org","@graph":[{"@type":["WebPage","MedicalWebPage"],"@id":"https:\/\/www.psychotherapie-dresden-blasewitz.de\/","url":"https:\/\/www.psychotherapie-dresden-blasewitz.de\/","name":"Praxis f\u00fcr Psychotherapie - Karin Bischoff-Krauth\u00e4user, Diplom-Psychologin, Psychologische Psychotherapeutin","isPartOf":{"@id":"https:\/\/www.psychotherapie-dresden-blasewitz.de\/#website"},"datePublished":"2020-11-15T15:35:52+00:00","dateModified":"2026-05-05T17:47:11+00:00","description":"Meine Praxis bietet Ihnen Psychotherapie und psychologische Beratung f\u00fcr Kinder, Jugendliche und Erwachsene in Dresden.","breadcrumb":{"@id":"https:\/\/www.psychotherapie-dresden-blasewitz.de\/#breadcrumb"},"inLanguage":"de","potentialAction":[{"@type":"ReadAction","target":["https:\/\/www.psychotherapie-dresden-blasewitz.de\/"]}]},{"@type":"BreadcrumbList","@id":"https:\/\/www.psychotherapie-dresden-blasewitz.de\/#breadcrumb","itemListElement":[{"@type":"ListItem","position":1,"name":"Startseite","item":"https:\/\/www.psychotherapie-dresden-blasewitz.de\/"},{"@type":"ListItem","position":2,"name":"Praxis f\u00fcr Psychotherapie"}]},{"@type":"WebSite","@id":"https:\/\/www.psychotherapie-dresden-blasewitz.de\/#website","url":"https:\/\/www.psychotherapie-dresden-blasewitz.de\/","name":"Praxis f\u00fcr Psychotherapie","description":"Karin Bischoff-Krauth\u00e4user, Diplom-Psychologin, Psychologische Psychotherapeutin","publisher":{"@id":"https:\/\/www.psychotherapie-dresden-blasewitz.de\/#organization"},"potentialAction":[{"@type":"SearchAction","target":{"@type":"EntryPoint","urlTemplate":"https:\/\/www.psychotherapie-dresden-blasewitz.de\/?s={search_term_string}"},"query-input":{"@type":"PropertyValueSpecification","valueRequired":true,"valueName":"search_term_string"}}],"inLanguage":"de"},{"@type":"Organization","@id":"https:\/\/www.psychotherapie-dresden-blasewitz.de\/#organization","name":"Praxis f\u00fcr Psychotherapie Karin Bischoff-Krauth\u00e4user","url":"https:\/\/www.psychotherapie-dresden-blasewitz.de\/","logo":{"@type":"ImageObject","inLanguage":"de","@id":"https:\/\/www.psychotherapie-dresden-blasewitz.de\/#\/schema\/logo\/image\/","url":"https:\/\/www.psychotherapie-dresden-blasewitz.de\/wp-content\/uploads\/2021\/10\/Bildschirmfoto-2021-10-30-um-13.40.11.png","contentUrl":"https:\/\/www.psychotherapie-dresden-blasewitz.de\/wp-content\/uploads\/2021\/10\/Bildschirmfoto-2021-10-30-um-13.40.11.png","width":570,"height":314,"caption":"Praxis f\u00fcr Psychotherapie Karin Bischoff-Krauth\u00e4user"},"image":{"@id":"https:\/\/www.psychotherapie-dresden-blasewitz.de\/#\/schema\/logo\/image\/"}}]}},"_links":{"self":[{"href":"https:\/\/www.psychotherapie-dresden-blasewitz.de\/index.php\/wp-json\/wp\/v2\/pages\/12","targetHints":{"allow":["GET"]}}],"collection":[{"href":"https:\/\/www.psychotherapie-dresden-blasewitz.de\/index.php\/wp-json\/wp\/v2\/pages"}],"about":[{"href":"https:\/\/www.psychotherapie-dresden-blasewitz.de\/index.php\/wp-json\/wp\/v2\/types\/page"}],"author":[{"embeddable":true,"href":"https:\/\/www.psychotherapie-dresden-blasewitz.de\/index.php\/wp-json\/wp\/v2\/users\/1"}],"replies":[{"embeddable":true,"href":"https:\/\/www.psychotherapie-dresden-blasewitz.de\/index.php\/wp-json\/wp\/v2\/comments?post=12"}],"version-history":[{"count":123,"href":"https:\/\/www.psychotherapie-dresden-blasewitz.de\/index.php\/wp-json\/wp\/v2\/pages\/12\/revisions"}],"predecessor-version":[{"id":594,"href":"https:\/\/www.psychotherapie-dresden-blasewitz.de\/index.php\/wp-json\/wp\/v2\/pages\/12\/revisions\/594"}],"wp:attachment":[{"href":"https:\/\/www.psychotherapie-dresden-blasewitz.de\/index.php\/wp-json\/wp\/v2\/media?parent=12"}],"curies":[{"name":"wp","href":"https:\/\/api.w.org\/{rel}","templated":true}]}}