{"id":16,"date":"2020-11-15T16:38:30","date_gmt":"2020-11-15T15:38:30","guid":{"rendered":"https:\/\/www.psychotherapie-dresden-blasewitz.de\/?page_id=16"},"modified":"2023-11-24T18:46:26","modified_gmt":"2023-11-24T17:46:26","slug":"information","status":"publish","type":"page","link":"https:\/\/www.psychotherapie-dresden-blasewitz.de\/index.php\/information\/","title":{"rendered":"Informationen"},"content":{"rendered":"\n<h3 class=\"wp-block-heading\">Wann bin ich die richtige Ansprechpartnerin f\u00fcr Sie?<\/h3>\n\n\n\n<ul class=\"wp-block-list\">\n<li>Sie sind zum Therapiebeginn unter 21 Jahre alt und gesetzlich versichert.<\/li>\n\n\n\n<li>Sie sind bereit, in regelm\u00e4\u00dfigen Termine mit mir an Ihrer Problematik zu arbeiten.<\/li>\n<\/ul>\n\n\n\n<h3 class=\"wp-block-heading\">Was sind meine Schwerpunkte?<\/h3>\n\n\n\n<ul class=\"wp-block-list\">\n<li>Schwerpunkt ist die Behandlung von Studierenden, Auszubildenden, Kindern und Jugendlichen<\/li>\n\n\n\n<li>Angst- und Zwangsst\u00f6rungen\n<ul class=\"wp-block-list\">\n<li>Pr\u00fcfungsangst<\/li>\n\n\n\n<li>soziale \u00c4ngste<\/li>\n\n\n\n<li>Selbstwertproblematiken (Selbstunsicherheit, Versagens\u00e4ngste)<\/li>\n\n\n\n<li>Zwangsgedanken und Zwangshandlungen<\/li>\n<\/ul>\n<\/li>\n\n\n\n<li>Psychosomatische Beschwerden<\/li>\n<\/ul>\n\n\n\n<p>Weitere Informationen \u00fcber die Schwerpunkte der Behandlung finden Sie\u00a0<a href=\"https:\/\/www.psychotherapie-dresden-blasewitz.de\/index.php\/information\/schwerpunkte\/\">hier<\/a>.<\/p>\n\n\n\n<h3 class=\"wp-block-heading\">Wann bin ich nicht die richtige Ansprechpartnerin f\u00fcr Sie?<\/h3>\n\n\n\n<ul class=\"wp-block-list\">\n<li>Sollte der Verdacht auf eine ADHS Problematik vorliegen, wenden Sie sich bitte an einen Kinder- und Jugendpsychiater, da ggf. die Einleitung einer medikament\u00f6sen Behandlung notwendig ist. <\/li>\n\n\n\n<li>Ich arbeite nur mit wissenschaftlich anerkannten Methoden, alternative und nicht allgemein anerkannte Heilmethoden (z.B. Globuli, Bachbl\u00fcten, etc.) finden keine Anwendung.<\/li>\n\n\n\n<li>Bei Suchtproblemen  (z.B. regelm\u00e4\u00dfiger Konsum von Alkohol oder Cannabis) bin ich nicht der richtige Ansprechpartner. Auch wenn au\u00dferdem zum Beispiel Depressionen oder andere psychische Erkrankungen bestehen, ist die Behandlung der Drogenproblematik vorrangig. In der Suchtberatungsstelle der Stadt Dresden  finden Sie  erste Ansprechpartner. <\/li>\n<\/ul>\n\n\n\n<p>Sie finden weitere Informationen zu Kosten und dem Ablauf einer Psychotherapie bzw. psychologischen Beratung auf folgenden Unterseiten:<\/p>\n\n\n\n<ul class=\"wp-block-list\">\n<li><a href=\"https:\/\/www.psychotherapie-dresden-blasewitz.de\/index.php\/information\/schwerpunkte\/\">Schwerpunkte<\/a><\/li>\n\n\n\n<li><a href=\"https:\/\/www.psychotherapie-dresden-blasewitz.de\/index.php\/information\/haeufig-gestellte-fragen\/\">H\u00e4ufig gestellte Fragen<\/a><\/li>\n\n\n\n<li><a href=\"https:\/\/www.psychotherapie-dresden-blasewitz.de\/index.php\/information\/ablauf\/\">Ablauf<\/a><\/li>\n\n\n\n<li><a href=\"https:\/\/www.psychotherapie-dresden-blasewitz.de\/index.php\/information\/kosten\/\">Kosten<\/a><\/li>\n\n\n\n<li><a href=\"https:\/\/www.psychotherapie-dresden-blasewitz.de\/index.php\/information\/therapiehund\/\">Bico<\/a><\/li>\n<\/ul>\n","protected":false},"excerpt":{"rendered":"<p>Wann bin ich die richtige Ansprechpartnerin f\u00fcr Sie? Was sind meine Schwerpunkte? Weitere Informationen \u00fcber die Schwerpunkte der Behandlung finden Sie\u00a0hier. Wann bin ich nicht die richtige Ansprechpartnerin f\u00fcr Sie? Sie finden weitere Informationen zu Kosten und dem Ablauf einer Psychotherapie bzw. psychologischen Beratung auf folgenden Unterseiten:<\/p>\n","protected":false},"author":1,"featured_media":0,"parent":0,"menu_order":2,"comment_status":"closed","ping_status":"closed","template":"","meta":{"footnotes":""},"class_list":["post-16","page","type-page","status-publish","czr-hentry"],"yoast_head":"<!-- This site is optimized with the Yoast SEO plugin v27.5 - https:\/\/yoast.com\/product\/yoast-seo-wordpress\/ -->\n<title>Informationen - Praxis f\u00fcr Psychotherapie<\/title>\n<meta name=\"description\" content=\"Informationen zu Kosten und dem Ablauf einer Psychotherapie bzw. psychologischen Beratung\" \/>\n<meta name=\"robots\" content=\"index, follow, max-snippet:-1, max-image-preview:large, max-video-preview:-1\" \/>\n<link rel=\"canonical\" href=\"https:\/\/www.psychotherapie-dresden-blasewitz.de\/index.php\/information\/\" \/>\n<meta property=\"og:locale\" content=\"de_DE\" \/>\n<meta property=\"og:type\" content=\"article\" \/>\n<meta property=\"og:title\" content=\"Informationen - Praxis f\u00fcr Psychotherapie\" \/>\n<meta property=\"og:description\" content=\"Informationen zu Kosten und dem Ablauf einer Psychotherapie bzw. psychologischen Beratung\" \/>\n<meta property=\"og:url\" content=\"https:\/\/www.psychotherapie-dresden-blasewitz.de\/index.php\/information\/\" \/>\n<meta property=\"og:site_name\" content=\"Praxis f\u00fcr Psychotherapie\" \/>\n<meta property=\"article:modified_time\" content=\"2023-11-24T17:46:26+00:00\" \/>\n<meta name=\"twitter:card\" content=\"summary_large_image\" \/>\n<meta name=\"twitter:label1\" content=\"Gesch\u00e4tzte Lesezeit\" \/>\n\t<meta name=\"twitter:data1\" content=\"2\u00a0Minuten\" \/>\n<script type=\"application\/ld+json\" class=\"yoast-schema-graph\">{\"@context\":\"https:\\\/\\\/schema.org\",\"@graph\":[{\"@type\":\"WebPage\",\"@id\":\"https:\\\/\\\/www.psychotherapie-dresden-blasewitz.de\\\/index.php\\\/information\\\/\",\"url\":\"https:\\\/\\\/www.psychotherapie-dresden-blasewitz.de\\\/index.php\\\/information\\\/\",\"name\":\"Informationen - Praxis f\u00fcr Psychotherapie\",\"isPartOf\":{\"@id\":\"https:\\\/\\\/www.psychotherapie-dresden-blasewitz.de\\\/#website\"},\"datePublished\":\"2020-11-15T15:38:30+00:00\",\"dateModified\":\"2023-11-24T17:46:26+00:00\",\"description\":\"Informationen zu Kosten und dem Ablauf einer Psychotherapie bzw. psychologischen Beratung\",\"breadcrumb\":{\"@id\":\"https:\\\/\\\/www.psychotherapie-dresden-blasewitz.de\\\/index.php\\\/information\\\/#breadcrumb\"},\"inLanguage\":\"de\",\"potentialAction\":[{\"@type\":\"ReadAction\",\"target\":[\"https:\\\/\\\/www.psychotherapie-dresden-blasewitz.de\\\/index.php\\\/information\\\/\"]}]},{\"@type\":\"BreadcrumbList\",\"@id\":\"https:\\\/\\\/www.psychotherapie-dresden-blasewitz.de\\\/index.php\\\/information\\\/#breadcrumb\",\"itemListElement\":[{\"@type\":\"ListItem\",\"position\":1,\"name\":\"Startseite\",\"item\":\"https:\\\/\\\/www.psychotherapie-dresden-blasewitz.de\\\/\"},{\"@type\":\"ListItem\",\"position\":2,\"name\":\"Informationen\"}]},{\"@type\":\"WebSite\",\"@id\":\"https:\\\/\\\/www.psychotherapie-dresden-blasewitz.de\\\/#website\",\"url\":\"https:\\\/\\\/www.psychotherapie-dresden-blasewitz.de\\\/\",\"name\":\"Praxis f\u00fcr Psychotherapie\",\"description\":\"Karin Bischoff-Krauth\u00e4user, Diplom-Psychologin, Psychologische Psychotherapeutin\",\"publisher\":{\"@id\":\"https:\\\/\\\/www.psychotherapie-dresden-blasewitz.de\\\/#organization\"},\"potentialAction\":[{\"@type\":\"SearchAction\",\"target\":{\"@type\":\"EntryPoint\",\"urlTemplate\":\"https:\\\/\\\/www.psychotherapie-dresden-blasewitz.de\\\/?s={search_term_string}\"},\"query-input\":{\"@type\":\"PropertyValueSpecification\",\"valueRequired\":true,\"valueName\":\"search_term_string\"}}],\"inLanguage\":\"de\"},{\"@type\":\"Organization\",\"@id\":\"https:\\\/\\\/www.psychotherapie-dresden-blasewitz.de\\\/#organization\",\"name\":\"Praxis f\u00fcr Psychotherapie Karin Bischoff-Krauth\u00e4user\",\"url\":\"https:\\\/\\\/www.psychotherapie-dresden-blasewitz.de\\\/\",\"logo\":{\"@type\":\"ImageObject\",\"inLanguage\":\"de\",\"@id\":\"https:\\\/\\\/www.psychotherapie-dresden-blasewitz.de\\\/#\\\/schema\\\/logo\\\/image\\\/\",\"url\":\"https:\\\/\\\/www.psychotherapie-dresden-blasewitz.de\\\/wp-content\\\/uploads\\\/2021\\\/10\\\/Bildschirmfoto-2021-10-30-um-13.40.11.png\",\"contentUrl\":\"https:\\\/\\\/www.psychotherapie-dresden-blasewitz.de\\\/wp-content\\\/uploads\\\/2021\\\/10\\\/Bildschirmfoto-2021-10-30-um-13.40.11.png\",\"width\":570,\"height\":314,\"caption\":\"Praxis f\u00fcr Psychotherapie Karin Bischoff-Krauth\u00e4user\"},\"image\":{\"@id\":\"https:\\\/\\\/www.psychotherapie-dresden-blasewitz.de\\\/#\\\/schema\\\/logo\\\/image\\\/\"}}]}<\/script>\n<!-- \/ Yoast SEO plugin. -->","yoast_head_json":{"title":"Informationen - Praxis f\u00fcr Psychotherapie","description":"Informationen zu Kosten und dem Ablauf einer Psychotherapie bzw. psychologischen Beratung","robots":{"index":"index","follow":"follow","max-snippet":"max-snippet:-1","max-image-preview":"max-image-preview:large","max-video-preview":"max-video-preview:-1"},"canonical":"https:\/\/www.psychotherapie-dresden-blasewitz.de\/index.php\/information\/","og_locale":"de_DE","og_type":"article","og_title":"Informationen - Praxis f\u00fcr Psychotherapie","og_description":"Informationen zu Kosten und dem Ablauf einer Psychotherapie bzw. psychologischen Beratung","og_url":"https:\/\/www.psychotherapie-dresden-blasewitz.de\/index.php\/information\/","og_site_name":"Praxis f\u00fcr Psychotherapie","article_modified_time":"2023-11-24T17:46:26+00:00","twitter_card":"summary_large_image","twitter_misc":{"Gesch\u00e4tzte Lesezeit":"2\u00a0Minuten"},"schema":{"@context":"https:\/\/schema.org","@graph":[{"@type":"WebPage","@id":"https:\/\/www.psychotherapie-dresden-blasewitz.de\/index.php\/information\/","url":"https:\/\/www.psychotherapie-dresden-blasewitz.de\/index.php\/information\/","name":"Informationen - Praxis f\u00fcr Psychotherapie","isPartOf":{"@id":"https:\/\/www.psychotherapie-dresden-blasewitz.de\/#website"},"datePublished":"2020-11-15T15:38:30+00:00","dateModified":"2023-11-24T17:46:26+00:00","description":"Informationen zu Kosten und dem Ablauf einer Psychotherapie bzw. psychologischen Beratung","breadcrumb":{"@id":"https:\/\/www.psychotherapie-dresden-blasewitz.de\/index.php\/information\/#breadcrumb"},"inLanguage":"de","potentialAction":[{"@type":"ReadAction","target":["https:\/\/www.psychotherapie-dresden-blasewitz.de\/index.php\/information\/"]}]},{"@type":"BreadcrumbList","@id":"https:\/\/www.psychotherapie-dresden-blasewitz.de\/index.php\/information\/#breadcrumb","itemListElement":[{"@type":"ListItem","position":1,"name":"Startseite","item":"https:\/\/www.psychotherapie-dresden-blasewitz.de\/"},{"@type":"ListItem","position":2,"name":"Informationen"}]},{"@type":"WebSite","@id":"https:\/\/www.psychotherapie-dresden-blasewitz.de\/#website","url":"https:\/\/www.psychotherapie-dresden-blasewitz.de\/","name":"Praxis f\u00fcr Psychotherapie","description":"Karin Bischoff-Krauth\u00e4user, Diplom-Psychologin, Psychologische Psychotherapeutin","publisher":{"@id":"https:\/\/www.psychotherapie-dresden-blasewitz.de\/#organization"},"potentialAction":[{"@type":"SearchAction","target":{"@type":"EntryPoint","urlTemplate":"https:\/\/www.psychotherapie-dresden-blasewitz.de\/?s={search_term_string}"},"query-input":{"@type":"PropertyValueSpecification","valueRequired":true,"valueName":"search_term_string"}}],"inLanguage":"de"},{"@type":"Organization","@id":"https:\/\/www.psychotherapie-dresden-blasewitz.de\/#organization","name":"Praxis f\u00fcr Psychotherapie Karin Bischoff-Krauth\u00e4user","url":"https:\/\/www.psychotherapie-dresden-blasewitz.de\/","logo":{"@type":"ImageObject","inLanguage":"de","@id":"https:\/\/www.psychotherapie-dresden-blasewitz.de\/#\/schema\/logo\/image\/","url":"https:\/\/www.psychotherapie-dresden-blasewitz.de\/wp-content\/uploads\/2021\/10\/Bildschirmfoto-2021-10-30-um-13.40.11.png","contentUrl":"https:\/\/www.psychotherapie-dresden-blasewitz.de\/wp-content\/uploads\/2021\/10\/Bildschirmfoto-2021-10-30-um-13.40.11.png","width":570,"height":314,"caption":"Praxis f\u00fcr Psychotherapie Karin Bischoff-Krauth\u00e4user"},"image":{"@id":"https:\/\/www.psychotherapie-dresden-blasewitz.de\/#\/schema\/logo\/image\/"}}]}},"_links":{"self":[{"href":"https:\/\/www.psychotherapie-dresden-blasewitz.de\/index.php\/wp-json\/wp\/v2\/pages\/16","targetHints":{"allow":["GET"]}}],"collection":[{"href":"https:\/\/www.psychotherapie-dresden-blasewitz.de\/index.php\/wp-json\/wp\/v2\/pages"}],"about":[{"href":"https:\/\/www.psychotherapie-dresden-blasewitz.de\/index.php\/wp-json\/wp\/v2\/types\/page"}],"author":[{"embeddable":true,"href":"https:\/\/www.psychotherapie-dresden-blasewitz.de\/index.php\/wp-json\/wp\/v2\/users\/1"}],"replies":[{"embeddable":true,"href":"https:\/\/www.psychotherapie-dresden-blasewitz.de\/index.php\/wp-json\/wp\/v2\/comments?post=16"}],"version-history":[{"count":28,"href":"https:\/\/www.psychotherapie-dresden-blasewitz.de\/index.php\/wp-json\/wp\/v2\/pages\/16\/revisions"}],"predecessor-version":[{"id":507,"href":"https:\/\/www.psychotherapie-dresden-blasewitz.de\/index.php\/wp-json\/wp\/v2\/pages\/16\/revisions\/507"}],"wp:attachment":[{"href":"https:\/\/www.psychotherapie-dresden-blasewitz.de\/index.php\/wp-json\/wp\/v2\/media?parent=16"}],"curies":[{"name":"wp","href":"https:\/\/api.w.org\/{rel}","templated":true}]}}