{"id":160,"date":"2020-11-15T20:49:24","date_gmt":"2020-11-15T19:49:24","guid":{"rendered":"https:\/\/www.psychotherapie-dresden-blasewitz.de\/?page_id=160"},"modified":"2022-10-04T20:40:19","modified_gmt":"2022-10-04T18:40:19","slug":"therapiehund","status":"publish","type":"page","link":"https:\/\/www.psychotherapie-dresden-blasewitz.de\/index.php\/information\/therapiehund\/","title":{"rendered":"Praxishund Bico"},"content":{"rendered":"\n<p>Am 07.07.2018 wurde Bico, ein portugiesischer Wasserhund, geboren. Bico begleitet oft meine Arbeit \u2013 besonders in der Therapie von Kindern und Jugendlichen. Er kann innerhalb der Therapie z.B. dabei helfen, Sprechhemmungen abzubauen und so die Kommunkikation zu erleichtern.<\/p>\n\n\n\n<p>Tiere erm\u00f6glichen&nbsp; au\u00dferdem auf spielerische Art,&nbsp; neue Erfahrungen auf der sozialen und emotionalen Ebene zu sammeln und k\u00f6nnen so das Selbstwertgef\u00fchl und die innere Ausgeglichenheit st\u00e4rken.<\/p>\n\n\n\n<p>Bico ist  manchmal etwas st\u00fcrmisch und  begr\u00fc\u00dft Patienten freudig.  Immer ist Bico nicht dabei, manchmal braucht er auch eine Auszeit. <\/p>\n\n\n\n<p>Selbstverst\u00e4ndlich wird Bico regelm\u00e4\u00dfig tier\u00e4rztlich untersucht, unterliegt den Hygienema\u00dfnahmen, ist geimpft und versichert.\u00a0 Die Rasse haart kaum, durchlebt\u00a0 keinen saisonalen Fellwechsel und weist aufgrund dessen ein niedriges Allergiepotenzial auf.<\/p>\n\n\n\n<p>Sollten Bedenken gegen die Anwesenheit&nbsp;von Bico bestehen, kommt der Hund&nbsp;selbstverst\u00e4ndlich nicht zum Einsatz.<\/p>\n\n\n\n<p>Weitere Informationen \u00fcber den Einsatz von Tieren in der Psychotherapie bei Kindern und Jugendlichen finden Sie&nbsp;<a href=\"https:\/\/opk-magazin.de\/kinder-und-jugendlichenpsychotherapie\/auf-den-hund-gekommen\/\">hier.<\/a><\/p>\n","protected":false},"excerpt":{"rendered":"<p>Am 07.07.2018 wurde Bico, ein portugiesischer Wasserhund, geboren. Bico begleitet oft meine Arbeit \u2013 besonders in der Therapie von Kindern und Jugendlichen. Er kann innerhalb der Therapie z.B. dabei helfen, Sprechhemmungen abzubauen und so die Kommunkikation zu erleichtern. Tiere erm\u00f6glichen&nbsp; au\u00dferdem auf spielerische Art,&nbsp; neue Erfahrungen auf der sozialen und emotionalen Ebene zu sammeln und [&hellip;]<\/p>\n","protected":false},"author":1,"featured_media":0,"parent":16,"menu_order":3,"comment_status":"closed","ping_status":"closed","template":"","meta":{"footnotes":""},"class_list":["post-160","page","type-page","status-publish","czr-hentry"],"yoast_head":"<!-- This site is optimized with the Yoast SEO plugin v27.6 - https:\/\/yoast.com\/product\/yoast-seo-wordpress\/ -->\n<title>Praxishund Bico - Praxis f\u00fcr Psychotherapie<\/title>\n<meta name=\"robots\" content=\"index, follow, max-snippet:-1, max-image-preview:large, max-video-preview:-1\" \/>\n<link rel=\"canonical\" href=\"https:\/\/www.psychotherapie-dresden-blasewitz.de\/index.php\/information\/therapiehund\/\" \/>\n<meta property=\"og:locale\" content=\"de_DE\" \/>\n<meta property=\"og:type\" content=\"article\" \/>\n<meta property=\"og:title\" content=\"Praxishund Bico - Praxis f\u00fcr Psychotherapie\" \/>\n<meta property=\"og:description\" content=\"Am 07.07.2018 wurde Bico, ein portugiesischer Wasserhund, geboren. Bico begleitet oft meine Arbeit \u2013 besonders in der Therapie von Kindern und Jugendlichen. Er kann innerhalb der Therapie z.B. dabei helfen, Sprechhemmungen abzubauen und so die Kommunkikation zu erleichtern. Tiere erm\u00f6glichen&nbsp; au\u00dferdem auf spielerische Art,&nbsp; neue Erfahrungen auf der sozialen und emotionalen Ebene zu sammeln und [&hellip;]\" \/>\n<meta property=\"og:url\" content=\"https:\/\/www.psychotherapie-dresden-blasewitz.de\/index.php\/information\/therapiehund\/\" \/>\n<meta property=\"og:site_name\" content=\"Praxis f\u00fcr Psychotherapie\" \/>\n<meta property=\"article:modified_time\" content=\"2022-10-04T18:40:19+00:00\" \/>\n<meta name=\"twitter:card\" content=\"summary_large_image\" \/>\n<meta name=\"twitter:label1\" content=\"Gesch\u00e4tzte Lesezeit\" \/>\n\t<meta name=\"twitter:data1\" content=\"1\u00a0Minute\" \/>\n<script type=\"application\/ld+json\" class=\"yoast-schema-graph\">{\"@context\":\"https:\\\/\\\/schema.org\",\"@graph\":[{\"@type\":\"WebPage\",\"@id\":\"https:\\\/\\\/www.psychotherapie-dresden-blasewitz.de\\\/index.php\\\/information\\\/therapiehund\\\/\",\"url\":\"https:\\\/\\\/www.psychotherapie-dresden-blasewitz.de\\\/index.php\\\/information\\\/therapiehund\\\/\",\"name\":\"Praxishund Bico - Praxis f\u00fcr Psychotherapie\",\"isPartOf\":{\"@id\":\"https:\\\/\\\/www.psychotherapie-dresden-blasewitz.de\\\/#website\"},\"datePublished\":\"2020-11-15T19:49:24+00:00\",\"dateModified\":\"2022-10-04T18:40:19+00:00\",\"breadcrumb\":{\"@id\":\"https:\\\/\\\/www.psychotherapie-dresden-blasewitz.de\\\/index.php\\\/information\\\/therapiehund\\\/#breadcrumb\"},\"inLanguage\":\"de\",\"potentialAction\":[{\"@type\":\"ReadAction\",\"target\":[\"https:\\\/\\\/www.psychotherapie-dresden-blasewitz.de\\\/index.php\\\/information\\\/therapiehund\\\/\"]}]},{\"@type\":\"BreadcrumbList\",\"@id\":\"https:\\\/\\\/www.psychotherapie-dresden-blasewitz.de\\\/index.php\\\/information\\\/therapiehund\\\/#breadcrumb\",\"itemListElement\":[{\"@type\":\"ListItem\",\"position\":1,\"name\":\"Startseite\",\"item\":\"https:\\\/\\\/www.psychotherapie-dresden-blasewitz.de\\\/\"},{\"@type\":\"ListItem\",\"position\":2,\"name\":\"Informationen\",\"item\":\"https:\\\/\\\/www.psychotherapie-dresden-blasewitz.de\\\/index.php\\\/information\\\/\"},{\"@type\":\"ListItem\",\"position\":3,\"name\":\"Praxishund Bico\"}]},{\"@type\":\"WebSite\",\"@id\":\"https:\\\/\\\/www.psychotherapie-dresden-blasewitz.de\\\/#website\",\"url\":\"https:\\\/\\\/www.psychotherapie-dresden-blasewitz.de\\\/\",\"name\":\"Praxis f\u00fcr Psychotherapie\",\"description\":\"Karin Bischoff-Krauth\u00e4user, Diplom-Psychologin, Psychologische Psychotherapeutin\",\"publisher\":{\"@id\":\"https:\\\/\\\/www.psychotherapie-dresden-blasewitz.de\\\/#organization\"},\"potentialAction\":[{\"@type\":\"SearchAction\",\"target\":{\"@type\":\"EntryPoint\",\"urlTemplate\":\"https:\\\/\\\/www.psychotherapie-dresden-blasewitz.de\\\/?s={search_term_string}\"},\"query-input\":{\"@type\":\"PropertyValueSpecification\",\"valueRequired\":true,\"valueName\":\"search_term_string\"}}],\"inLanguage\":\"de\"},{\"@type\":\"Organization\",\"@id\":\"https:\\\/\\\/www.psychotherapie-dresden-blasewitz.de\\\/#organization\",\"name\":\"Praxis f\u00fcr Psychotherapie Karin Bischoff-Krauth\u00e4user\",\"url\":\"https:\\\/\\\/www.psychotherapie-dresden-blasewitz.de\\\/\",\"logo\":{\"@type\":\"ImageObject\",\"inLanguage\":\"de\",\"@id\":\"https:\\\/\\\/www.psychotherapie-dresden-blasewitz.de\\\/#\\\/schema\\\/logo\\\/image\\\/\",\"url\":\"https:\\\/\\\/www.psychotherapie-dresden-blasewitz.de\\\/wp-content\\\/uploads\\\/2021\\\/10\\\/Bildschirmfoto-2021-10-30-um-13.40.11.png\",\"contentUrl\":\"https:\\\/\\\/www.psychotherapie-dresden-blasewitz.de\\\/wp-content\\\/uploads\\\/2021\\\/10\\\/Bildschirmfoto-2021-10-30-um-13.40.11.png\",\"width\":570,\"height\":314,\"caption\":\"Praxis f\u00fcr Psychotherapie Karin Bischoff-Krauth\u00e4user\"},\"image\":{\"@id\":\"https:\\\/\\\/www.psychotherapie-dresden-blasewitz.de\\\/#\\\/schema\\\/logo\\\/image\\\/\"}}]}<\/script>\n<!-- \/ Yoast SEO plugin. -->","yoast_head_json":{"title":"Praxishund Bico - Praxis f\u00fcr Psychotherapie","robots":{"index":"index","follow":"follow","max-snippet":"max-snippet:-1","max-image-preview":"max-image-preview:large","max-video-preview":"max-video-preview:-1"},"canonical":"https:\/\/www.psychotherapie-dresden-blasewitz.de\/index.php\/information\/therapiehund\/","og_locale":"de_DE","og_type":"article","og_title":"Praxishund Bico - Praxis f\u00fcr Psychotherapie","og_description":"Am 07.07.2018 wurde Bico, ein portugiesischer Wasserhund, geboren. Bico begleitet oft meine Arbeit \u2013 besonders in der Therapie von Kindern und Jugendlichen. Er kann innerhalb der Therapie z.B. dabei helfen, Sprechhemmungen abzubauen und so die Kommunkikation zu erleichtern. Tiere erm\u00f6glichen&nbsp; au\u00dferdem auf spielerische Art,&nbsp; neue Erfahrungen auf der sozialen und emotionalen Ebene zu sammeln und [&hellip;]","og_url":"https:\/\/www.psychotherapie-dresden-blasewitz.de\/index.php\/information\/therapiehund\/","og_site_name":"Praxis f\u00fcr Psychotherapie","article_modified_time":"2022-10-04T18:40:19+00:00","twitter_card":"summary_large_image","twitter_misc":{"Gesch\u00e4tzte Lesezeit":"1\u00a0Minute"},"schema":{"@context":"https:\/\/schema.org","@graph":[{"@type":"WebPage","@id":"https:\/\/www.psychotherapie-dresden-blasewitz.de\/index.php\/information\/therapiehund\/","url":"https:\/\/www.psychotherapie-dresden-blasewitz.de\/index.php\/information\/therapiehund\/","name":"Praxishund Bico - Praxis f\u00fcr Psychotherapie","isPartOf":{"@id":"https:\/\/www.psychotherapie-dresden-blasewitz.de\/#website"},"datePublished":"2020-11-15T19:49:24+00:00","dateModified":"2022-10-04T18:40:19+00:00","breadcrumb":{"@id":"https:\/\/www.psychotherapie-dresden-blasewitz.de\/index.php\/information\/therapiehund\/#breadcrumb"},"inLanguage":"de","potentialAction":[{"@type":"ReadAction","target":["https:\/\/www.psychotherapie-dresden-blasewitz.de\/index.php\/information\/therapiehund\/"]}]},{"@type":"BreadcrumbList","@id":"https:\/\/www.psychotherapie-dresden-blasewitz.de\/index.php\/information\/therapiehund\/#breadcrumb","itemListElement":[{"@type":"ListItem","position":1,"name":"Startseite","item":"https:\/\/www.psychotherapie-dresden-blasewitz.de\/"},{"@type":"ListItem","position":2,"name":"Informationen","item":"https:\/\/www.psychotherapie-dresden-blasewitz.de\/index.php\/information\/"},{"@type":"ListItem","position":3,"name":"Praxishund Bico"}]},{"@type":"WebSite","@id":"https:\/\/www.psychotherapie-dresden-blasewitz.de\/#website","url":"https:\/\/www.psychotherapie-dresden-blasewitz.de\/","name":"Praxis f\u00fcr Psychotherapie","description":"Karin Bischoff-Krauth\u00e4user, Diplom-Psychologin, Psychologische Psychotherapeutin","publisher":{"@id":"https:\/\/www.psychotherapie-dresden-blasewitz.de\/#organization"},"potentialAction":[{"@type":"SearchAction","target":{"@type":"EntryPoint","urlTemplate":"https:\/\/www.psychotherapie-dresden-blasewitz.de\/?s={search_term_string}"},"query-input":{"@type":"PropertyValueSpecification","valueRequired":true,"valueName":"search_term_string"}}],"inLanguage":"de"},{"@type":"Organization","@id":"https:\/\/www.psychotherapie-dresden-blasewitz.de\/#organization","name":"Praxis f\u00fcr Psychotherapie Karin Bischoff-Krauth\u00e4user","url":"https:\/\/www.psychotherapie-dresden-blasewitz.de\/","logo":{"@type":"ImageObject","inLanguage":"de","@id":"https:\/\/www.psychotherapie-dresden-blasewitz.de\/#\/schema\/logo\/image\/","url":"https:\/\/www.psychotherapie-dresden-blasewitz.de\/wp-content\/uploads\/2021\/10\/Bildschirmfoto-2021-10-30-um-13.40.11.png","contentUrl":"https:\/\/www.psychotherapie-dresden-blasewitz.de\/wp-content\/uploads\/2021\/10\/Bildschirmfoto-2021-10-30-um-13.40.11.png","width":570,"height":314,"caption":"Praxis f\u00fcr Psychotherapie Karin Bischoff-Krauth\u00e4user"},"image":{"@id":"https:\/\/www.psychotherapie-dresden-blasewitz.de\/#\/schema\/logo\/image\/"}}]}},"_links":{"self":[{"href":"https:\/\/www.psychotherapie-dresden-blasewitz.de\/index.php\/wp-json\/wp\/v2\/pages\/160","targetHints":{"allow":["GET"]}}],"collection":[{"href":"https:\/\/www.psychotherapie-dresden-blasewitz.de\/index.php\/wp-json\/wp\/v2\/pages"}],"about":[{"href":"https:\/\/www.psychotherapie-dresden-blasewitz.de\/index.php\/wp-json\/wp\/v2\/types\/page"}],"author":[{"embeddable":true,"href":"https:\/\/www.psychotherapie-dresden-blasewitz.de\/index.php\/wp-json\/wp\/v2\/users\/1"}],"replies":[{"embeddable":true,"href":"https:\/\/www.psychotherapie-dresden-blasewitz.de\/index.php\/wp-json\/wp\/v2\/comments?post=160"}],"version-history":[{"count":6,"href":"https:\/\/www.psychotherapie-dresden-blasewitz.de\/index.php\/wp-json\/wp\/v2\/pages\/160\/revisions"}],"predecessor-version":[{"id":419,"href":"https:\/\/www.psychotherapie-dresden-blasewitz.de\/index.php\/wp-json\/wp\/v2\/pages\/160\/revisions\/419"}],"up":[{"embeddable":true,"href":"https:\/\/www.psychotherapie-dresden-blasewitz.de\/index.php\/wp-json\/wp\/v2\/pages\/16"}],"wp:attachment":[{"href":"https:\/\/www.psychotherapie-dresden-blasewitz.de\/index.php\/wp-json\/wp\/v2\/media?parent=160"}],"curies":[{"name":"wp","href":"https:\/\/api.w.org\/{rel}","templated":true}]}}