{"id":18,"date":"2020-11-15T16:41:08","date_gmt":"2020-11-15T15:41:08","guid":{"rendered":"https:\/\/www.psychotherapie-dresden-blasewitz.de\/?page_id=18"},"modified":"2023-02-07T12:37:59","modified_gmt":"2023-02-07T11:37:59","slug":"schwerpunkte","status":"publish","type":"page","link":"https:\/\/www.psychotherapie-dresden-blasewitz.de\/index.php\/information\/schwerpunkte\/","title":{"rendered":"Schwerpunkte"},"content":{"rendered":"\n<p>Schwerpunkt ist Beratung und Verhaltenstherapie bei Kindern, Jugendlichen und jungen Erwachsenen. <\/p>\n\n\n\n<h2 class=\"wp-block-heading\">Kinder und Jugendliche<\/h2>\n\n\n\n<p>Eine Behandlung bei Kindern und Jugendlichen&nbsp; &nbsp;k\u00f6nnte z.B. durch folgende Probleme veranlasst werden:<\/p>\n\n\n\n<ul class=\"wp-block-list\">\n<li>Schlafst\u00f6rungen (Ein- und Durchschlafst\u00f6rungen)<\/li>\n\n\n\n<li>andauernde \u00c4ngste vor Schule, Dunkelheit, etc.<\/li>\n\n\n\n<li>&nbsp;\u00fcberm\u00e4\u00dfige Sorge, ein Ungl\u00fcck k\u00f6nne geschehen<\/li>\n\n\n\n<li>soziale \u00dcber\u00e4ngstlichkeit <\/li>\n\n\n\n<li>Niedergeschlagenheit, Traurigkeit ohne erkennbaren Anlass<\/li>\n\n\n\n<li>traumatische Erlebnisse<\/li>\n\n\n\n<li>Esst\u00f6rungen (Anorexie, Bulimie, Binge eating)<\/li>\n\n\n\n<li>selbstverletzendes Verhalten<\/li>\n\n\n\n<li>immer wieder kehrende Gedanken oder &nbsp;Handlungen &nbsp;(Zwangserkrankungen)<\/li>\n\n\n\n<li>&nbsp;Ticst\u00f6rungen<\/li>\n\n\n\n<li>K\u00f6rperliche Beschwerden ohne ausreichenden k\u00f6rperlichen Befund (\u201eBauchweh\u201c)<\/li>\n\n\n\n<li>Kopfschmerzen \/ Migr\u00e4ne<\/li>\n\n\n\n<li>Einn\u00e4ssen \u00fcber das f\u00fcnfte Lebensjahr hinaus<\/li>\n\n\n\n<li>untr\u00f6stbares Schreien &nbsp;(Schreibabys) \/ F\u00fctterprobleme bei S\u00e4uglingen<\/li>\n<\/ul>\n\n\n\n<h2 class=\"wp-block-heading\">junge Erwachsene<\/h2>\n\n\n\n<p>Der \u00dcbergang vom Jugendlichen zum Erwachsenen bzw. der \u00dcbergang von der Schule zur Berufsausbildung oder dem Studium, kann manchmal schwierig sein, so dass Unterst\u00fctzung notwendig ist. &nbsp;Solche Probleme k\u00f6nnten z.B. sein:<\/p>\n\n\n\n<ul class=\"wp-block-list\">\n<li>\u00dcberforderungsgef\u00fchle in Studium und Ausbildung<\/li>\n\n\n\n<li>Schwierigkeiten in der Organisation des Studentenalltags<\/li>\n\n\n\n<li>Pr\u00fcfungs\u00e4ngste\/Versagens\u00e4ngste<\/li>\n\n\n\n<li>Minderwertigkeitsgef\u00fchle<\/li>\n\n\n\n<li>&nbsp;Unsicherheit in sozialen Situationen<\/li>\n\n\n\n<li>traurige Verstimmungen<\/li>\n<\/ul>\n\n\n\n<p>Eine Verhaltenstherapie ist&nbsp; au\u00dferdem angebracht &nbsp;bei:<\/p>\n\n\n\n<ul class=\"wp-block-list\">\n<li><a href=\"https:\/\/www.psychotherapie-dresden-blasewitz.de\/index.php\/kompetenz\/angst\/\">\u00c4ngsten<\/a>&nbsp;(\u00fcberm\u00e4\u00dfige Sorgen, Phobien, generalisierte Angst, &nbsp;etc.)<\/li>\n\n\n\n<li>Soziale \u00c4ngste, Pr\u00fcfungs\u00e4ngste<\/li>\n\n\n\n<li><a href=\"https:\/\/www.psychotherapie-dresden-blasewitz.de\/index.php\/kompetenz\/affektive-stoerungen\/\">Affektive St\u00f6rungen<\/a>\u00a0(Depressionen)<\/li>\n\n\n\n<li><a href=\"https:\/\/www.psychotherapie-dresden-blasewitz.de\/index.php\/kompetenz\/essstoerungen\/\">Essst\u00f6rungen<\/a>,<\/li>\n\n\n\n<li><a href=\"https:\/\/www.psychotherapie-dresden-blasewitz.de\/index.php\/kompetenz\/posttraumatische-belastungsstoerung-ptbs\/\">posttraumatische Belastungsst\u00f6rungen<\/a>,<\/li>\n\n\n\n<li>\u00dcberforderung durch massives Stresserleben<\/li>\n\n\n\n<li><a href=\"https:\/\/www.psychotherapie-dresden-blasewitz.de\/index.php\/kompetenz\/zwangserkrankungen\/\">Zwangserkrankungen<\/a>&nbsp;(Waschzwang, Putzzwang, zwanghaftes Verhalten, Zwangsgedanken, Zwangsimpulse)<\/li>\n\n\n\n<li>Selbstwertproblematiken (Selbstunsicherheit)<\/li>\n\n\n\n<li>Psychosomatische Beschwerden (z.B. Bluthochdruck, R\u00fcckenschmerzen, Magenschmerzen)<\/li>\n\n\n\n<li>Kopfschmerzen\/Migr\u00e4ne<\/li>\n<\/ul>\n","protected":false},"excerpt":{"rendered":"<p>Schwerpunkt ist Beratung und Verhaltenstherapie bei Kindern, Jugendlichen und jungen Erwachsenen. Kinder und Jugendliche Eine Behandlung bei Kindern und Jugendlichen&nbsp; &nbsp;k\u00f6nnte z.B. durch folgende Probleme veranlasst werden: junge Erwachsene Der \u00dcbergang vom Jugendlichen zum Erwachsenen bzw. der \u00dcbergang von der Schule zur Berufsausbildung oder dem Studium, kann manchmal schwierig sein, so dass Unterst\u00fctzung notwendig ist. [&hellip;]<\/p>\n","protected":false},"author":1,"featured_media":0,"parent":16,"menu_order":0,"comment_status":"closed","ping_status":"closed","template":"","meta":{"footnotes":""},"class_list":["post-18","page","type-page","status-publish","czr-hentry"],"yoast_head":"<!-- This site is optimized with the Yoast SEO plugin v27.5 - https:\/\/yoast.com\/product\/yoast-seo-wordpress\/ -->\n<title>Schwerpunkte - Praxis f\u00fcr Psychotherapie<\/title>\n<meta name=\"robots\" content=\"index, follow, max-snippet:-1, max-image-preview:large, max-video-preview:-1\" \/>\n<link rel=\"canonical\" href=\"https:\/\/www.psychotherapie-dresden-blasewitz.de\/index.php\/information\/schwerpunkte\/\" \/>\n<meta property=\"og:locale\" content=\"de_DE\" \/>\n<meta property=\"og:type\" content=\"article\" \/>\n<meta property=\"og:title\" content=\"Schwerpunkte - Praxis f\u00fcr Psychotherapie\" \/>\n<meta property=\"og:description\" content=\"Schwerpunkt ist Beratung und Verhaltenstherapie bei Kindern, Jugendlichen und jungen Erwachsenen. Kinder und Jugendliche Eine Behandlung bei Kindern und Jugendlichen&nbsp; &nbsp;k\u00f6nnte z.B. durch folgende Probleme veranlasst werden: junge Erwachsene Der \u00dcbergang vom Jugendlichen zum Erwachsenen bzw. der \u00dcbergang von der Schule zur Berufsausbildung oder dem Studium, kann manchmal schwierig sein, so dass Unterst\u00fctzung notwendig ist. [&hellip;]\" \/>\n<meta property=\"og:url\" content=\"https:\/\/www.psychotherapie-dresden-blasewitz.de\/index.php\/information\/schwerpunkte\/\" \/>\n<meta property=\"og:site_name\" content=\"Praxis f\u00fcr Psychotherapie\" \/>\n<meta property=\"article:modified_time\" content=\"2023-02-07T11:37:59+00:00\" \/>\n<meta name=\"twitter:card\" content=\"summary_large_image\" \/>\n<meta name=\"twitter:label1\" content=\"Gesch\u00e4tzte Lesezeit\" \/>\n\t<meta name=\"twitter:data1\" content=\"2\u00a0Minuten\" \/>\n<script type=\"application\/ld+json\" class=\"yoast-schema-graph\">{\"@context\":\"https:\\\/\\\/schema.org\",\"@graph\":[{\"@type\":\"WebPage\",\"@id\":\"https:\\\/\\\/www.psychotherapie-dresden-blasewitz.de\\\/index.php\\\/information\\\/schwerpunkte\\\/\",\"url\":\"https:\\\/\\\/www.psychotherapie-dresden-blasewitz.de\\\/index.php\\\/information\\\/schwerpunkte\\\/\",\"name\":\"Schwerpunkte - Praxis f\u00fcr Psychotherapie\",\"isPartOf\":{\"@id\":\"https:\\\/\\\/www.psychotherapie-dresden-blasewitz.de\\\/#website\"},\"datePublished\":\"2020-11-15T15:41:08+00:00\",\"dateModified\":\"2023-02-07T11:37:59+00:00\",\"breadcrumb\":{\"@id\":\"https:\\\/\\\/www.psychotherapie-dresden-blasewitz.de\\\/index.php\\\/information\\\/schwerpunkte\\\/#breadcrumb\"},\"inLanguage\":\"de\",\"potentialAction\":[{\"@type\":\"ReadAction\",\"target\":[\"https:\\\/\\\/www.psychotherapie-dresden-blasewitz.de\\\/index.php\\\/information\\\/schwerpunkte\\\/\"]}]},{\"@type\":\"BreadcrumbList\",\"@id\":\"https:\\\/\\\/www.psychotherapie-dresden-blasewitz.de\\\/index.php\\\/information\\\/schwerpunkte\\\/#breadcrumb\",\"itemListElement\":[{\"@type\":\"ListItem\",\"position\":1,\"name\":\"Startseite\",\"item\":\"https:\\\/\\\/www.psychotherapie-dresden-blasewitz.de\\\/\"},{\"@type\":\"ListItem\",\"position\":2,\"name\":\"Informationen\",\"item\":\"https:\\\/\\\/www.psychotherapie-dresden-blasewitz.de\\\/index.php\\\/information\\\/\"},{\"@type\":\"ListItem\",\"position\":3,\"name\":\"Schwerpunkte\"}]},{\"@type\":\"WebSite\",\"@id\":\"https:\\\/\\\/www.psychotherapie-dresden-blasewitz.de\\\/#website\",\"url\":\"https:\\\/\\\/www.psychotherapie-dresden-blasewitz.de\\\/\",\"name\":\"Praxis f\u00fcr Psychotherapie\",\"description\":\"Karin Bischoff-Krauth\u00e4user, Diplom-Psychologin, Psychologische Psychotherapeutin\",\"publisher\":{\"@id\":\"https:\\\/\\\/www.psychotherapie-dresden-blasewitz.de\\\/#organization\"},\"potentialAction\":[{\"@type\":\"SearchAction\",\"target\":{\"@type\":\"EntryPoint\",\"urlTemplate\":\"https:\\\/\\\/www.psychotherapie-dresden-blasewitz.de\\\/?s={search_term_string}\"},\"query-input\":{\"@type\":\"PropertyValueSpecification\",\"valueRequired\":true,\"valueName\":\"search_term_string\"}}],\"inLanguage\":\"de\"},{\"@type\":\"Organization\",\"@id\":\"https:\\\/\\\/www.psychotherapie-dresden-blasewitz.de\\\/#organization\",\"name\":\"Praxis f\u00fcr Psychotherapie Karin Bischoff-Krauth\u00e4user\",\"url\":\"https:\\\/\\\/www.psychotherapie-dresden-blasewitz.de\\\/\",\"logo\":{\"@type\":\"ImageObject\",\"inLanguage\":\"de\",\"@id\":\"https:\\\/\\\/www.psychotherapie-dresden-blasewitz.de\\\/#\\\/schema\\\/logo\\\/image\\\/\",\"url\":\"https:\\\/\\\/www.psychotherapie-dresden-blasewitz.de\\\/wp-content\\\/uploads\\\/2021\\\/10\\\/Bildschirmfoto-2021-10-30-um-13.40.11.png\",\"contentUrl\":\"https:\\\/\\\/www.psychotherapie-dresden-blasewitz.de\\\/wp-content\\\/uploads\\\/2021\\\/10\\\/Bildschirmfoto-2021-10-30-um-13.40.11.png\",\"width\":570,\"height\":314,\"caption\":\"Praxis f\u00fcr Psychotherapie Karin Bischoff-Krauth\u00e4user\"},\"image\":{\"@id\":\"https:\\\/\\\/www.psychotherapie-dresden-blasewitz.de\\\/#\\\/schema\\\/logo\\\/image\\\/\"}}]}<\/script>\n<!-- \/ Yoast SEO plugin. -->","yoast_head_json":{"title":"Schwerpunkte - Praxis f\u00fcr Psychotherapie","robots":{"index":"index","follow":"follow","max-snippet":"max-snippet:-1","max-image-preview":"max-image-preview:large","max-video-preview":"max-video-preview:-1"},"canonical":"https:\/\/www.psychotherapie-dresden-blasewitz.de\/index.php\/information\/schwerpunkte\/","og_locale":"de_DE","og_type":"article","og_title":"Schwerpunkte - Praxis f\u00fcr Psychotherapie","og_description":"Schwerpunkt ist Beratung und Verhaltenstherapie bei Kindern, Jugendlichen und jungen Erwachsenen. Kinder und Jugendliche Eine Behandlung bei Kindern und Jugendlichen&nbsp; &nbsp;k\u00f6nnte z.B. durch folgende Probleme veranlasst werden: junge Erwachsene Der \u00dcbergang vom Jugendlichen zum Erwachsenen bzw. der \u00dcbergang von der Schule zur Berufsausbildung oder dem Studium, kann manchmal schwierig sein, so dass Unterst\u00fctzung notwendig ist. [&hellip;]","og_url":"https:\/\/www.psychotherapie-dresden-blasewitz.de\/index.php\/information\/schwerpunkte\/","og_site_name":"Praxis f\u00fcr Psychotherapie","article_modified_time":"2023-02-07T11:37:59+00:00","twitter_card":"summary_large_image","twitter_misc":{"Gesch\u00e4tzte Lesezeit":"2\u00a0Minuten"},"schema":{"@context":"https:\/\/schema.org","@graph":[{"@type":"WebPage","@id":"https:\/\/www.psychotherapie-dresden-blasewitz.de\/index.php\/information\/schwerpunkte\/","url":"https:\/\/www.psychotherapie-dresden-blasewitz.de\/index.php\/information\/schwerpunkte\/","name":"Schwerpunkte - Praxis f\u00fcr Psychotherapie","isPartOf":{"@id":"https:\/\/www.psychotherapie-dresden-blasewitz.de\/#website"},"datePublished":"2020-11-15T15:41:08+00:00","dateModified":"2023-02-07T11:37:59+00:00","breadcrumb":{"@id":"https:\/\/www.psychotherapie-dresden-blasewitz.de\/index.php\/information\/schwerpunkte\/#breadcrumb"},"inLanguage":"de","potentialAction":[{"@type":"ReadAction","target":["https:\/\/www.psychotherapie-dresden-blasewitz.de\/index.php\/information\/schwerpunkte\/"]}]},{"@type":"BreadcrumbList","@id":"https:\/\/www.psychotherapie-dresden-blasewitz.de\/index.php\/information\/schwerpunkte\/#breadcrumb","itemListElement":[{"@type":"ListItem","position":1,"name":"Startseite","item":"https:\/\/www.psychotherapie-dresden-blasewitz.de\/"},{"@type":"ListItem","position":2,"name":"Informationen","item":"https:\/\/www.psychotherapie-dresden-blasewitz.de\/index.php\/information\/"},{"@type":"ListItem","position":3,"name":"Schwerpunkte"}]},{"@type":"WebSite","@id":"https:\/\/www.psychotherapie-dresden-blasewitz.de\/#website","url":"https:\/\/www.psychotherapie-dresden-blasewitz.de\/","name":"Praxis f\u00fcr Psychotherapie","description":"Karin Bischoff-Krauth\u00e4user, Diplom-Psychologin, Psychologische Psychotherapeutin","publisher":{"@id":"https:\/\/www.psychotherapie-dresden-blasewitz.de\/#organization"},"potentialAction":[{"@type":"SearchAction","target":{"@type":"EntryPoint","urlTemplate":"https:\/\/www.psychotherapie-dresden-blasewitz.de\/?s={search_term_string}"},"query-input":{"@type":"PropertyValueSpecification","valueRequired":true,"valueName":"search_term_string"}}],"inLanguage":"de"},{"@type":"Organization","@id":"https:\/\/www.psychotherapie-dresden-blasewitz.de\/#organization","name":"Praxis f\u00fcr Psychotherapie Karin Bischoff-Krauth\u00e4user","url":"https:\/\/www.psychotherapie-dresden-blasewitz.de\/","logo":{"@type":"ImageObject","inLanguage":"de","@id":"https:\/\/www.psychotherapie-dresden-blasewitz.de\/#\/schema\/logo\/image\/","url":"https:\/\/www.psychotherapie-dresden-blasewitz.de\/wp-content\/uploads\/2021\/10\/Bildschirmfoto-2021-10-30-um-13.40.11.png","contentUrl":"https:\/\/www.psychotherapie-dresden-blasewitz.de\/wp-content\/uploads\/2021\/10\/Bildschirmfoto-2021-10-30-um-13.40.11.png","width":570,"height":314,"caption":"Praxis f\u00fcr Psychotherapie Karin Bischoff-Krauth\u00e4user"},"image":{"@id":"https:\/\/www.psychotherapie-dresden-blasewitz.de\/#\/schema\/logo\/image\/"}}]}},"_links":{"self":[{"href":"https:\/\/www.psychotherapie-dresden-blasewitz.de\/index.php\/wp-json\/wp\/v2\/pages\/18","targetHints":{"allow":["GET"]}}],"collection":[{"href":"https:\/\/www.psychotherapie-dresden-blasewitz.de\/index.php\/wp-json\/wp\/v2\/pages"}],"about":[{"href":"https:\/\/www.psychotherapie-dresden-blasewitz.de\/index.php\/wp-json\/wp\/v2\/types\/page"}],"author":[{"embeddable":true,"href":"https:\/\/www.psychotherapie-dresden-blasewitz.de\/index.php\/wp-json\/wp\/v2\/users\/1"}],"replies":[{"embeddable":true,"href":"https:\/\/www.psychotherapie-dresden-blasewitz.de\/index.php\/wp-json\/wp\/v2\/comments?post=18"}],"version-history":[{"count":22,"href":"https:\/\/www.psychotherapie-dresden-blasewitz.de\/index.php\/wp-json\/wp\/v2\/pages\/18\/revisions"}],"predecessor-version":[{"id":452,"href":"https:\/\/www.psychotherapie-dresden-blasewitz.de\/index.php\/wp-json\/wp\/v2\/pages\/18\/revisions\/452"}],"up":[{"embeddable":true,"href":"https:\/\/www.psychotherapie-dresden-blasewitz.de\/index.php\/wp-json\/wp\/v2\/pages\/16"}],"wp:attachment":[{"href":"https:\/\/www.psychotherapie-dresden-blasewitz.de\/index.php\/wp-json\/wp\/v2\/media?parent=18"}],"curies":[{"name":"wp","href":"https:\/\/api.w.org\/{rel}","templated":true}]}}