{"id":69,"date":"2020-11-15T17:36:13","date_gmt":"2020-11-15T16:36:13","guid":{"rendered":"https:\/\/www.psychotherapie-dresden-blasewitz.de\/?page_id=69"},"modified":"2020-11-15T17:48:20","modified_gmt":"2020-11-15T16:48:20","slug":"zwangserkrankungen","status":"publish","type":"page","link":"https:\/\/www.psychotherapie-dresden-blasewitz.de\/index.php\/kompetenz\/zwangserkrankungen\/","title":{"rendered":"Zw\u00e4nge"},"content":{"rendered":"\n<p>Eine Zwangserkrankung ist dadurch gekennzeichnet, dass es dem Betroffenen nicht gelingt, bestimmte Gedanken und Handlungen (z.B. kontrollieren, waschen, z\u00e4hlen) zu unterdr\u00fccken, obwohl er um die Sinnlosigkeit seines Tuns weiss. Bei dem Versuch, die Gedanken oder Handlungen unterbinden kommt es zu einer erheblichen Anspannung, die als so unangenehm erlebt wird, dass der Betroffene den Zw\u00e4ngen schnell wieder nachgibt.<\/p>\n\n\n\n<p>Zwangsgedanken sind Gedanken und Vorstellungen, die als sinnlos bewertet werden, sich dem Betroffenen aber aufdr\u00e4ngen und denen er sich ausgeliefert f\u00fchlt. Zwangsgedanken k\u00f6nnen die Form von Zwangsimpulsen annehmen. Diese sind inhaltlich recht unterschiedlich, haben aber oft einen aggressiven oder obsz\u00f6nen Charakter (z.B. jemanden zu verletzen, sto\u00dfen, etc.). Die Betroffenen leben in st\u00e4ndiger Sorge, ein Impuls k\u00f6nne durchbrechen.<\/p>\n\n\n\n<p>Die meisten Zwangshandlungen beziehen sich auf Ordnung, Reinlichkeit und Kontrollen. Sie reduzieren Angst und Spannung und dienen als Vorbeugung gegen ein subjektiv bef\u00fcrchtetes, aber objektiv sehr unwahrscheinlichen Ereignis, welches der Person schaden k\u00f6nnte (z.B. Einbr\u00fcche, Infektionen, Unf\u00e4lle, etc.).<\/p>\n\n\n\n<p>Die Methode der Wahl bei Zwangsst\u00f6rungen ist die kognitive Verhaltenstherapie.<\/p>\n\n\n\n<p>Externer Verweis:&nbsp;<a href=\"http:\/\/www.zwaenge.de\/\">www.zwaenge.de<\/a><\/p>\n","protected":false},"excerpt":{"rendered":"<p>Eine Zwangserkrankung ist dadurch gekennzeichnet, dass es dem Betroffenen nicht gelingt, bestimmte Gedanken und Handlungen (z.B. kontrollieren, waschen, z\u00e4hlen) zu unterdr\u00fccken, obwohl er um die Sinnlosigkeit seines Tuns weiss. Bei dem Versuch, die Gedanken oder Handlungen unterbinden kommt es zu einer erheblichen Anspannung, die als so unangenehm erlebt wird, dass der Betroffene den Zw\u00e4ngen schnell [&hellip;]<\/p>\n","protected":false},"author":1,"featured_media":0,"parent":32,"menu_order":3,"comment_status":"closed","ping_status":"closed","template":"","meta":{"footnotes":""},"class_list":["post-69","page","type-page","status-publish","czr-hentry"],"yoast_head":"<!-- This site is optimized with the Yoast SEO plugin v27.4 - https:\/\/yoast.com\/product\/yoast-seo-wordpress\/ -->\n<title>Zw\u00e4nge - Praxis f\u00fcr Psychotherapie<\/title>\n<meta name=\"robots\" content=\"index, follow, max-snippet:-1, max-image-preview:large, max-video-preview:-1\" \/>\n<link rel=\"canonical\" href=\"https:\/\/www.psychotherapie-dresden-blasewitz.de\/index.php\/kompetenz\/zwangserkrankungen\/\" \/>\n<meta property=\"og:locale\" content=\"de_DE\" \/>\n<meta property=\"og:type\" content=\"article\" \/>\n<meta property=\"og:title\" content=\"Zw\u00e4nge - Praxis f\u00fcr Psychotherapie\" \/>\n<meta property=\"og:description\" content=\"Eine Zwangserkrankung ist dadurch gekennzeichnet, dass es dem Betroffenen nicht gelingt, bestimmte Gedanken und Handlungen (z.B. kontrollieren, waschen, z\u00e4hlen) zu unterdr\u00fccken, obwohl er um die Sinnlosigkeit seines Tuns weiss. Bei dem Versuch, die Gedanken oder Handlungen unterbinden kommt es zu einer erheblichen Anspannung, die als so unangenehm erlebt wird, dass der Betroffene den Zw\u00e4ngen schnell [&hellip;]\" \/>\n<meta property=\"og:url\" content=\"https:\/\/www.psychotherapie-dresden-blasewitz.de\/index.php\/kompetenz\/zwangserkrankungen\/\" \/>\n<meta property=\"og:site_name\" content=\"Praxis f\u00fcr Psychotherapie\" \/>\n<meta property=\"article:modified_time\" content=\"2020-11-15T16:48:20+00:00\" \/>\n<meta name=\"twitter:card\" content=\"summary_large_image\" \/>\n<meta name=\"twitter:label1\" content=\"Gesch\u00e4tzte Lesezeit\" \/>\n\t<meta name=\"twitter:data1\" content=\"1\u00a0Minute\" \/>\n<script type=\"application\/ld+json\" class=\"yoast-schema-graph\">{\"@context\":\"https:\\\/\\\/schema.org\",\"@graph\":[{\"@type\":\"WebPage\",\"@id\":\"https:\\\/\\\/www.psychotherapie-dresden-blasewitz.de\\\/index.php\\\/kompetenz\\\/zwangserkrankungen\\\/\",\"url\":\"https:\\\/\\\/www.psychotherapie-dresden-blasewitz.de\\\/index.php\\\/kompetenz\\\/zwangserkrankungen\\\/\",\"name\":\"Zw\u00e4nge - Praxis f\u00fcr Psychotherapie\",\"isPartOf\":{\"@id\":\"https:\\\/\\\/www.psychotherapie-dresden-blasewitz.de\\\/#website\"},\"datePublished\":\"2020-11-15T16:36:13+00:00\",\"dateModified\":\"2020-11-15T16:48:20+00:00\",\"breadcrumb\":{\"@id\":\"https:\\\/\\\/www.psychotherapie-dresden-blasewitz.de\\\/index.php\\\/kompetenz\\\/zwangserkrankungen\\\/#breadcrumb\"},\"inLanguage\":\"de\",\"potentialAction\":[{\"@type\":\"ReadAction\",\"target\":[\"https:\\\/\\\/www.psychotherapie-dresden-blasewitz.de\\\/index.php\\\/kompetenz\\\/zwangserkrankungen\\\/\"]}]},{\"@type\":\"BreadcrumbList\",\"@id\":\"https:\\\/\\\/www.psychotherapie-dresden-blasewitz.de\\\/index.php\\\/kompetenz\\\/zwangserkrankungen\\\/#breadcrumb\",\"itemListElement\":[{\"@type\":\"ListItem\",\"position\":1,\"name\":\"Startseite\",\"item\":\"https:\\\/\\\/www.psychotherapie-dresden-blasewitz.de\\\/\"},{\"@type\":\"ListItem\",\"position\":2,\"name\":\"Kompetenz\",\"item\":\"https:\\\/\\\/www.psychotherapie-dresden-blasewitz.de\\\/index.php\\\/kompetenz\\\/\"},{\"@type\":\"ListItem\",\"position\":3,\"name\":\"Zw\u00e4nge\"}]},{\"@type\":\"WebSite\",\"@id\":\"https:\\\/\\\/www.psychotherapie-dresden-blasewitz.de\\\/#website\",\"url\":\"https:\\\/\\\/www.psychotherapie-dresden-blasewitz.de\\\/\",\"name\":\"Praxis f\u00fcr Psychotherapie\",\"description\":\"Karin Bischoff-Krauth\u00e4user, Diplom-Psychologin, Psychologische Psychotherapeutin\",\"publisher\":{\"@id\":\"https:\\\/\\\/www.psychotherapie-dresden-blasewitz.de\\\/#organization\"},\"potentialAction\":[{\"@type\":\"SearchAction\",\"target\":{\"@type\":\"EntryPoint\",\"urlTemplate\":\"https:\\\/\\\/www.psychotherapie-dresden-blasewitz.de\\\/?s={search_term_string}\"},\"query-input\":{\"@type\":\"PropertyValueSpecification\",\"valueRequired\":true,\"valueName\":\"search_term_string\"}}],\"inLanguage\":\"de\"},{\"@type\":\"Organization\",\"@id\":\"https:\\\/\\\/www.psychotherapie-dresden-blasewitz.de\\\/#organization\",\"name\":\"Praxis f\u00fcr Psychotherapie Karin Bischoff-Krauth\u00e4user\",\"url\":\"https:\\\/\\\/www.psychotherapie-dresden-blasewitz.de\\\/\",\"logo\":{\"@type\":\"ImageObject\",\"inLanguage\":\"de\",\"@id\":\"https:\\\/\\\/www.psychotherapie-dresden-blasewitz.de\\\/#\\\/schema\\\/logo\\\/image\\\/\",\"url\":\"https:\\\/\\\/www.psychotherapie-dresden-blasewitz.de\\\/wp-content\\\/uploads\\\/2021\\\/10\\\/Bildschirmfoto-2021-10-30-um-13.40.11.png\",\"contentUrl\":\"https:\\\/\\\/www.psychotherapie-dresden-blasewitz.de\\\/wp-content\\\/uploads\\\/2021\\\/10\\\/Bildschirmfoto-2021-10-30-um-13.40.11.png\",\"width\":570,\"height\":314,\"caption\":\"Praxis f\u00fcr Psychotherapie Karin Bischoff-Krauth\u00e4user\"},\"image\":{\"@id\":\"https:\\\/\\\/www.psychotherapie-dresden-blasewitz.de\\\/#\\\/schema\\\/logo\\\/image\\\/\"}}]}<\/script>\n<!-- \/ Yoast SEO plugin. -->","yoast_head_json":{"title":"Zw\u00e4nge - Praxis f\u00fcr Psychotherapie","robots":{"index":"index","follow":"follow","max-snippet":"max-snippet:-1","max-image-preview":"max-image-preview:large","max-video-preview":"max-video-preview:-1"},"canonical":"https:\/\/www.psychotherapie-dresden-blasewitz.de\/index.php\/kompetenz\/zwangserkrankungen\/","og_locale":"de_DE","og_type":"article","og_title":"Zw\u00e4nge - Praxis f\u00fcr Psychotherapie","og_description":"Eine Zwangserkrankung ist dadurch gekennzeichnet, dass es dem Betroffenen nicht gelingt, bestimmte Gedanken und Handlungen (z.B. kontrollieren, waschen, z\u00e4hlen) zu unterdr\u00fccken, obwohl er um die Sinnlosigkeit seines Tuns weiss. Bei dem Versuch, die Gedanken oder Handlungen unterbinden kommt es zu einer erheblichen Anspannung, die als so unangenehm erlebt wird, dass der Betroffene den Zw\u00e4ngen schnell [&hellip;]","og_url":"https:\/\/www.psychotherapie-dresden-blasewitz.de\/index.php\/kompetenz\/zwangserkrankungen\/","og_site_name":"Praxis f\u00fcr Psychotherapie","article_modified_time":"2020-11-15T16:48:20+00:00","twitter_card":"summary_large_image","twitter_misc":{"Gesch\u00e4tzte Lesezeit":"1\u00a0Minute"},"schema":{"@context":"https:\/\/schema.org","@graph":[{"@type":"WebPage","@id":"https:\/\/www.psychotherapie-dresden-blasewitz.de\/index.php\/kompetenz\/zwangserkrankungen\/","url":"https:\/\/www.psychotherapie-dresden-blasewitz.de\/index.php\/kompetenz\/zwangserkrankungen\/","name":"Zw\u00e4nge - Praxis f\u00fcr Psychotherapie","isPartOf":{"@id":"https:\/\/www.psychotherapie-dresden-blasewitz.de\/#website"},"datePublished":"2020-11-15T16:36:13+00:00","dateModified":"2020-11-15T16:48:20+00:00","breadcrumb":{"@id":"https:\/\/www.psychotherapie-dresden-blasewitz.de\/index.php\/kompetenz\/zwangserkrankungen\/#breadcrumb"},"inLanguage":"de","potentialAction":[{"@type":"ReadAction","target":["https:\/\/www.psychotherapie-dresden-blasewitz.de\/index.php\/kompetenz\/zwangserkrankungen\/"]}]},{"@type":"BreadcrumbList","@id":"https:\/\/www.psychotherapie-dresden-blasewitz.de\/index.php\/kompetenz\/zwangserkrankungen\/#breadcrumb","itemListElement":[{"@type":"ListItem","position":1,"name":"Startseite","item":"https:\/\/www.psychotherapie-dresden-blasewitz.de\/"},{"@type":"ListItem","position":2,"name":"Kompetenz","item":"https:\/\/www.psychotherapie-dresden-blasewitz.de\/index.php\/kompetenz\/"},{"@type":"ListItem","position":3,"name":"Zw\u00e4nge"}]},{"@type":"WebSite","@id":"https:\/\/www.psychotherapie-dresden-blasewitz.de\/#website","url":"https:\/\/www.psychotherapie-dresden-blasewitz.de\/","name":"Praxis f\u00fcr Psychotherapie","description":"Karin Bischoff-Krauth\u00e4user, Diplom-Psychologin, Psychologische Psychotherapeutin","publisher":{"@id":"https:\/\/www.psychotherapie-dresden-blasewitz.de\/#organization"},"potentialAction":[{"@type":"SearchAction","target":{"@type":"EntryPoint","urlTemplate":"https:\/\/www.psychotherapie-dresden-blasewitz.de\/?s={search_term_string}"},"query-input":{"@type":"PropertyValueSpecification","valueRequired":true,"valueName":"search_term_string"}}],"inLanguage":"de"},{"@type":"Organization","@id":"https:\/\/www.psychotherapie-dresden-blasewitz.de\/#organization","name":"Praxis f\u00fcr Psychotherapie Karin Bischoff-Krauth\u00e4user","url":"https:\/\/www.psychotherapie-dresden-blasewitz.de\/","logo":{"@type":"ImageObject","inLanguage":"de","@id":"https:\/\/www.psychotherapie-dresden-blasewitz.de\/#\/schema\/logo\/image\/","url":"https:\/\/www.psychotherapie-dresden-blasewitz.de\/wp-content\/uploads\/2021\/10\/Bildschirmfoto-2021-10-30-um-13.40.11.png","contentUrl":"https:\/\/www.psychotherapie-dresden-blasewitz.de\/wp-content\/uploads\/2021\/10\/Bildschirmfoto-2021-10-30-um-13.40.11.png","width":570,"height":314,"caption":"Praxis f\u00fcr Psychotherapie Karin Bischoff-Krauth\u00e4user"},"image":{"@id":"https:\/\/www.psychotherapie-dresden-blasewitz.de\/#\/schema\/logo\/image\/"}}]}},"_links":{"self":[{"href":"https:\/\/www.psychotherapie-dresden-blasewitz.de\/index.php\/wp-json\/wp\/v2\/pages\/69","targetHints":{"allow":["GET"]}}],"collection":[{"href":"https:\/\/www.psychotherapie-dresden-blasewitz.de\/index.php\/wp-json\/wp\/v2\/pages"}],"about":[{"href":"https:\/\/www.psychotherapie-dresden-blasewitz.de\/index.php\/wp-json\/wp\/v2\/types\/page"}],"author":[{"embeddable":true,"href":"https:\/\/www.psychotherapie-dresden-blasewitz.de\/index.php\/wp-json\/wp\/v2\/users\/1"}],"replies":[{"embeddable":true,"href":"https:\/\/www.psychotherapie-dresden-blasewitz.de\/index.php\/wp-json\/wp\/v2\/comments?post=69"}],"version-history":[{"count":2,"href":"https:\/\/www.psychotherapie-dresden-blasewitz.de\/index.php\/wp-json\/wp\/v2\/pages\/69\/revisions"}],"predecessor-version":[{"id":109,"href":"https:\/\/www.psychotherapie-dresden-blasewitz.de\/index.php\/wp-json\/wp\/v2\/pages\/69\/revisions\/109"}],"up":[{"embeddable":true,"href":"https:\/\/www.psychotherapie-dresden-blasewitz.de\/index.php\/wp-json\/wp\/v2\/pages\/32"}],"wp:attachment":[{"href":"https:\/\/www.psychotherapie-dresden-blasewitz.de\/index.php\/wp-json\/wp\/v2\/media?parent=69"}],"curies":[{"name":"wp","href":"https:\/\/api.w.org\/{rel}","templated":true}]}}