{"id":74,"date":"2020-11-15T17:38:13","date_gmt":"2020-11-15T16:38:13","guid":{"rendered":"https:\/\/www.psychotherapie-dresden-blasewitz.de\/?page_id=74"},"modified":"2021-10-30T16:57:17","modified_gmt":"2021-10-30T14:57:17","slug":"affektive-stoerungen","status":"publish","type":"page","link":"https:\/\/www.psychotherapie-dresden-blasewitz.de\/index.php\/kompetenz\/affektive-stoerungen\/","title":{"rendered":"Affektive St\u00f6rungen (Depression, Manie)"},"content":{"rendered":"\n<p>Bei einer&nbsp;<a href=\"http:\/\/de.wikipedia.org\/wiki\/Depression\" target=\"_blank\" rel=\"noreferrer noopener\">Depression<\/a>&nbsp;leiden die Betroffenen unter einem anhaltenden Gef\u00fchl der Traurigkeit oder Niedergeschlagenheit, zunehmender Freudlosigkeit und dem Verlust von Interesse an Dingen, die vor der depressiven Erkrankung Freude bereitet haben. Die Symptomatik ist oft verkn\u00fcpft mit einer Kraftlosigkeit, Konzentrationsst\u00f6rungen, reduziertem Antrieb und einem Gef\u00fchl der allgemeinen \u00dcberforderung. Die Betroffenen haben ein Gef\u00fchl der Perspektivlosigkeit bis hin zu Selbstmordgedanken. Schuldgef\u00fchle und Selbstvorw\u00fcrfe sind innerhalb einer depressiven Erkrankung typisch. Oft kommt es zu einer Selbstisolierung und Alkohol und Drogenmissbrauch.<\/p>\n\n\n\n<p>Bei Kindern und Jugendlichen ist die Depression oft durch m\u00fcrrisches, ablehnendes &nbsp;und manchmal auch aggressivem &nbsp;Verhalten kaschiert.<\/p>\n\n\n\n<p>Bei einer Manie zeigt der Betroffene eine intensive aber unbegr\u00fcndete gehobene Stimmung die sich bis zur Gereiztheit und Umtriebigkeit steigern kann, bis hin zu einer hemmungslosen, unkritischen und unangemessener Risikobereitschaft. Die Betroffenen sind im Denken und Ihrer Aktivit\u00e4t beschleunigt. Besonnenheit und \u00fcberlegtes selbstkritisches Verhalten sind krankheitsbedingt reduziert. <\/p>\n\n\n\n<p>Sowohl bei der Manie als auch der Depression treten h\u00e4ufig Schlafst\u00f6rungen und St\u00f6rungen des Appetits auf. Manie und Depression k\u00f6nnen im Wechsel auftreten (bipolare St\u00f6rung). Am h\u00e4ufigsten ist aber eine depressive Episode in unterschiedlichen Auspr\u00e4gungsgraden, ohne Manie anzutreffen. <\/p>\n\n\n\n<p>Externer Verweis:&nbsp;<a href=\"http:\/\/www.bipolar-forum.de\/\">www.bipolar-forum.de<\/a>,&nbsp;<a href=\"http:\/\/www.deutsche-depressionshilfe.de\/\">www.deutsche-depressionshilfe.de\/<\/a><\/p>\n","protected":false},"excerpt":{"rendered":"<p>Bei einer&nbsp;Depression&nbsp;leiden die Betroffenen unter einem anhaltenden Gef\u00fchl der Traurigkeit oder Niedergeschlagenheit, zunehmender Freudlosigkeit und dem Verlust von Interesse an Dingen, die vor der depressiven Erkrankung Freude bereitet haben. Die Symptomatik ist oft verkn\u00fcpft mit einer Kraftlosigkeit, Konzentrationsst\u00f6rungen, reduziertem Antrieb und einem Gef\u00fchl der allgemeinen \u00dcberforderung. Die Betroffenen haben ein Gef\u00fchl der Perspektivlosigkeit bis hin [&hellip;]<\/p>\n","protected":false},"author":1,"featured_media":0,"parent":32,"menu_order":2,"comment_status":"closed","ping_status":"closed","template":"","meta":{"footnotes":""},"class_list":["post-74","page","type-page","status-publish","czr-hentry"],"yoast_head":"<!-- This site is optimized with the Yoast SEO plugin v27.5 - https:\/\/yoast.com\/product\/yoast-seo-wordpress\/ -->\n<title>Affektive St\u00f6rungen (Depression, Manie) - Praxis f\u00fcr Psychotherapie<\/title>\n<meta name=\"robots\" content=\"index, follow, max-snippet:-1, max-image-preview:large, max-video-preview:-1\" \/>\n<link rel=\"canonical\" href=\"https:\/\/www.psychotherapie-dresden-blasewitz.de\/index.php\/kompetenz\/affektive-stoerungen\/\" \/>\n<meta property=\"og:locale\" content=\"de_DE\" \/>\n<meta property=\"og:type\" content=\"article\" \/>\n<meta property=\"og:title\" content=\"Affektive St\u00f6rungen (Depression, Manie) - Praxis f\u00fcr Psychotherapie\" \/>\n<meta property=\"og:description\" content=\"Bei einer&nbsp;Depression&nbsp;leiden die Betroffenen unter einem anhaltenden Gef\u00fchl der Traurigkeit oder Niedergeschlagenheit, zunehmender Freudlosigkeit und dem Verlust von Interesse an Dingen, die vor der depressiven Erkrankung Freude bereitet haben. Die Symptomatik ist oft verkn\u00fcpft mit einer Kraftlosigkeit, Konzentrationsst\u00f6rungen, reduziertem Antrieb und einem Gef\u00fchl der allgemeinen \u00dcberforderung. Die Betroffenen haben ein Gef\u00fchl der Perspektivlosigkeit bis hin [&hellip;]\" \/>\n<meta property=\"og:url\" content=\"https:\/\/www.psychotherapie-dresden-blasewitz.de\/index.php\/kompetenz\/affektive-stoerungen\/\" \/>\n<meta property=\"og:site_name\" content=\"Praxis f\u00fcr Psychotherapie\" \/>\n<meta property=\"article:modified_time\" content=\"2021-10-30T14:57:17+00:00\" \/>\n<meta name=\"twitter:card\" content=\"summary_large_image\" \/>\n<meta name=\"twitter:label1\" content=\"Gesch\u00e4tzte Lesezeit\" \/>\n\t<meta name=\"twitter:data1\" content=\"1\u00a0Minute\" \/>\n<script type=\"application\/ld+json\" class=\"yoast-schema-graph\">{\"@context\":\"https:\\\/\\\/schema.org\",\"@graph\":[{\"@type\":\"WebPage\",\"@id\":\"https:\\\/\\\/www.psychotherapie-dresden-blasewitz.de\\\/index.php\\\/kompetenz\\\/affektive-stoerungen\\\/\",\"url\":\"https:\\\/\\\/www.psychotherapie-dresden-blasewitz.de\\\/index.php\\\/kompetenz\\\/affektive-stoerungen\\\/\",\"name\":\"Affektive St\u00f6rungen (Depression, Manie) - Praxis f\u00fcr Psychotherapie\",\"isPartOf\":{\"@id\":\"https:\\\/\\\/www.psychotherapie-dresden-blasewitz.de\\\/#website\"},\"datePublished\":\"2020-11-15T16:38:13+00:00\",\"dateModified\":\"2021-10-30T14:57:17+00:00\",\"breadcrumb\":{\"@id\":\"https:\\\/\\\/www.psychotherapie-dresden-blasewitz.de\\\/index.php\\\/kompetenz\\\/affektive-stoerungen\\\/#breadcrumb\"},\"inLanguage\":\"de\",\"potentialAction\":[{\"@type\":\"ReadAction\",\"target\":[\"https:\\\/\\\/www.psychotherapie-dresden-blasewitz.de\\\/index.php\\\/kompetenz\\\/affektive-stoerungen\\\/\"]}]},{\"@type\":\"BreadcrumbList\",\"@id\":\"https:\\\/\\\/www.psychotherapie-dresden-blasewitz.de\\\/index.php\\\/kompetenz\\\/affektive-stoerungen\\\/#breadcrumb\",\"itemListElement\":[{\"@type\":\"ListItem\",\"position\":1,\"name\":\"Startseite\",\"item\":\"https:\\\/\\\/www.psychotherapie-dresden-blasewitz.de\\\/\"},{\"@type\":\"ListItem\",\"position\":2,\"name\":\"Kompetenz\",\"item\":\"https:\\\/\\\/www.psychotherapie-dresden-blasewitz.de\\\/index.php\\\/kompetenz\\\/\"},{\"@type\":\"ListItem\",\"position\":3,\"name\":\"Affektive St\u00f6rungen (Depression, Manie)\"}]},{\"@type\":\"WebSite\",\"@id\":\"https:\\\/\\\/www.psychotherapie-dresden-blasewitz.de\\\/#website\",\"url\":\"https:\\\/\\\/www.psychotherapie-dresden-blasewitz.de\\\/\",\"name\":\"Praxis f\u00fcr Psychotherapie\",\"description\":\"Karin Bischoff-Krauth\u00e4user, Diplom-Psychologin, Psychologische Psychotherapeutin\",\"publisher\":{\"@id\":\"https:\\\/\\\/www.psychotherapie-dresden-blasewitz.de\\\/#organization\"},\"potentialAction\":[{\"@type\":\"SearchAction\",\"target\":{\"@type\":\"EntryPoint\",\"urlTemplate\":\"https:\\\/\\\/www.psychotherapie-dresden-blasewitz.de\\\/?s={search_term_string}\"},\"query-input\":{\"@type\":\"PropertyValueSpecification\",\"valueRequired\":true,\"valueName\":\"search_term_string\"}}],\"inLanguage\":\"de\"},{\"@type\":\"Organization\",\"@id\":\"https:\\\/\\\/www.psychotherapie-dresden-blasewitz.de\\\/#organization\",\"name\":\"Praxis f\u00fcr Psychotherapie Karin Bischoff-Krauth\u00e4user\",\"url\":\"https:\\\/\\\/www.psychotherapie-dresden-blasewitz.de\\\/\",\"logo\":{\"@type\":\"ImageObject\",\"inLanguage\":\"de\",\"@id\":\"https:\\\/\\\/www.psychotherapie-dresden-blasewitz.de\\\/#\\\/schema\\\/logo\\\/image\\\/\",\"url\":\"https:\\\/\\\/www.psychotherapie-dresden-blasewitz.de\\\/wp-content\\\/uploads\\\/2021\\\/10\\\/Bildschirmfoto-2021-10-30-um-13.40.11.png\",\"contentUrl\":\"https:\\\/\\\/www.psychotherapie-dresden-blasewitz.de\\\/wp-content\\\/uploads\\\/2021\\\/10\\\/Bildschirmfoto-2021-10-30-um-13.40.11.png\",\"width\":570,\"height\":314,\"caption\":\"Praxis f\u00fcr Psychotherapie Karin Bischoff-Krauth\u00e4user\"},\"image\":{\"@id\":\"https:\\\/\\\/www.psychotherapie-dresden-blasewitz.de\\\/#\\\/schema\\\/logo\\\/image\\\/\"}}]}<\/script>\n<!-- \/ Yoast SEO plugin. -->","yoast_head_json":{"title":"Affektive St\u00f6rungen (Depression, Manie) - Praxis f\u00fcr Psychotherapie","robots":{"index":"index","follow":"follow","max-snippet":"max-snippet:-1","max-image-preview":"max-image-preview:large","max-video-preview":"max-video-preview:-1"},"canonical":"https:\/\/www.psychotherapie-dresden-blasewitz.de\/index.php\/kompetenz\/affektive-stoerungen\/","og_locale":"de_DE","og_type":"article","og_title":"Affektive St\u00f6rungen (Depression, Manie) - Praxis f\u00fcr Psychotherapie","og_description":"Bei einer&nbsp;Depression&nbsp;leiden die Betroffenen unter einem anhaltenden Gef\u00fchl der Traurigkeit oder Niedergeschlagenheit, zunehmender Freudlosigkeit und dem Verlust von Interesse an Dingen, die vor der depressiven Erkrankung Freude bereitet haben. Die Symptomatik ist oft verkn\u00fcpft mit einer Kraftlosigkeit, Konzentrationsst\u00f6rungen, reduziertem Antrieb und einem Gef\u00fchl der allgemeinen \u00dcberforderung. Die Betroffenen haben ein Gef\u00fchl der Perspektivlosigkeit bis hin [&hellip;]","og_url":"https:\/\/www.psychotherapie-dresden-blasewitz.de\/index.php\/kompetenz\/affektive-stoerungen\/","og_site_name":"Praxis f\u00fcr Psychotherapie","article_modified_time":"2021-10-30T14:57:17+00:00","twitter_card":"summary_large_image","twitter_misc":{"Gesch\u00e4tzte Lesezeit":"1\u00a0Minute"},"schema":{"@context":"https:\/\/schema.org","@graph":[{"@type":"WebPage","@id":"https:\/\/www.psychotherapie-dresden-blasewitz.de\/index.php\/kompetenz\/affektive-stoerungen\/","url":"https:\/\/www.psychotherapie-dresden-blasewitz.de\/index.php\/kompetenz\/affektive-stoerungen\/","name":"Affektive St\u00f6rungen (Depression, Manie) - Praxis f\u00fcr Psychotherapie","isPartOf":{"@id":"https:\/\/www.psychotherapie-dresden-blasewitz.de\/#website"},"datePublished":"2020-11-15T16:38:13+00:00","dateModified":"2021-10-30T14:57:17+00:00","breadcrumb":{"@id":"https:\/\/www.psychotherapie-dresden-blasewitz.de\/index.php\/kompetenz\/affektive-stoerungen\/#breadcrumb"},"inLanguage":"de","potentialAction":[{"@type":"ReadAction","target":["https:\/\/www.psychotherapie-dresden-blasewitz.de\/index.php\/kompetenz\/affektive-stoerungen\/"]}]},{"@type":"BreadcrumbList","@id":"https:\/\/www.psychotherapie-dresden-blasewitz.de\/index.php\/kompetenz\/affektive-stoerungen\/#breadcrumb","itemListElement":[{"@type":"ListItem","position":1,"name":"Startseite","item":"https:\/\/www.psychotherapie-dresden-blasewitz.de\/"},{"@type":"ListItem","position":2,"name":"Kompetenz","item":"https:\/\/www.psychotherapie-dresden-blasewitz.de\/index.php\/kompetenz\/"},{"@type":"ListItem","position":3,"name":"Affektive St\u00f6rungen (Depression, Manie)"}]},{"@type":"WebSite","@id":"https:\/\/www.psychotherapie-dresden-blasewitz.de\/#website","url":"https:\/\/www.psychotherapie-dresden-blasewitz.de\/","name":"Praxis f\u00fcr Psychotherapie","description":"Karin Bischoff-Krauth\u00e4user, Diplom-Psychologin, Psychologische Psychotherapeutin","publisher":{"@id":"https:\/\/www.psychotherapie-dresden-blasewitz.de\/#organization"},"potentialAction":[{"@type":"SearchAction","target":{"@type":"EntryPoint","urlTemplate":"https:\/\/www.psychotherapie-dresden-blasewitz.de\/?s={search_term_string}"},"query-input":{"@type":"PropertyValueSpecification","valueRequired":true,"valueName":"search_term_string"}}],"inLanguage":"de"},{"@type":"Organization","@id":"https:\/\/www.psychotherapie-dresden-blasewitz.de\/#organization","name":"Praxis f\u00fcr Psychotherapie Karin Bischoff-Krauth\u00e4user","url":"https:\/\/www.psychotherapie-dresden-blasewitz.de\/","logo":{"@type":"ImageObject","inLanguage":"de","@id":"https:\/\/www.psychotherapie-dresden-blasewitz.de\/#\/schema\/logo\/image\/","url":"https:\/\/www.psychotherapie-dresden-blasewitz.de\/wp-content\/uploads\/2021\/10\/Bildschirmfoto-2021-10-30-um-13.40.11.png","contentUrl":"https:\/\/www.psychotherapie-dresden-blasewitz.de\/wp-content\/uploads\/2021\/10\/Bildschirmfoto-2021-10-30-um-13.40.11.png","width":570,"height":314,"caption":"Praxis f\u00fcr Psychotherapie Karin Bischoff-Krauth\u00e4user"},"image":{"@id":"https:\/\/www.psychotherapie-dresden-blasewitz.de\/#\/schema\/logo\/image\/"}}]}},"_links":{"self":[{"href":"https:\/\/www.psychotherapie-dresden-blasewitz.de\/index.php\/wp-json\/wp\/v2\/pages\/74","targetHints":{"allow":["GET"]}}],"collection":[{"href":"https:\/\/www.psychotherapie-dresden-blasewitz.de\/index.php\/wp-json\/wp\/v2\/pages"}],"about":[{"href":"https:\/\/www.psychotherapie-dresden-blasewitz.de\/index.php\/wp-json\/wp\/v2\/types\/page"}],"author":[{"embeddable":true,"href":"https:\/\/www.psychotherapie-dresden-blasewitz.de\/index.php\/wp-json\/wp\/v2\/users\/1"}],"replies":[{"embeddable":true,"href":"https:\/\/www.psychotherapie-dresden-blasewitz.de\/index.php\/wp-json\/wp\/v2\/comments?post=74"}],"version-history":[{"count":5,"href":"https:\/\/www.psychotherapie-dresden-blasewitz.de\/index.php\/wp-json\/wp\/v2\/pages\/74\/revisions"}],"predecessor-version":[{"id":319,"href":"https:\/\/www.psychotherapie-dresden-blasewitz.de\/index.php\/wp-json\/wp\/v2\/pages\/74\/revisions\/319"}],"up":[{"embeddable":true,"href":"https:\/\/www.psychotherapie-dresden-blasewitz.de\/index.php\/wp-json\/wp\/v2\/pages\/32"}],"wp:attachment":[{"href":"https:\/\/www.psychotherapie-dresden-blasewitz.de\/index.php\/wp-json\/wp\/v2\/media?parent=74"}],"curies":[{"name":"wp","href":"https:\/\/api.w.org\/{rel}","templated":true}]}}