{"id":76,"date":"2020-11-15T17:40:01","date_gmt":"2020-11-15T16:40:01","guid":{"rendered":"https:\/\/www.psychotherapie-dresden-blasewitz.de\/?page_id=76"},"modified":"2020-11-18T18:21:30","modified_gmt":"2020-11-18T17:21:30","slug":"essstoerungen","status":"publish","type":"page","link":"https:\/\/www.psychotherapie-dresden-blasewitz.de\/index.php\/kompetenz\/essstoerungen\/","title":{"rendered":"Essst\u00f6rungen"},"content":{"rendered":"\n<p>Zur den&nbsp;<a href=\"http:\/\/de.wikipedia.org\/wiki\/Essst%C3%B6rung\" target=\"_blank\" rel=\"noreferrer noopener\">Essst\u00f6rungen<\/a>&nbsp;geh\u00f6ren die Anorexie (Magersucht), die Bulimie (Ess-Brechsucht) und das Binge-Eating (\u201eschlingend essen\u201c).<\/p>\n\n\n\n<p>Betroffen sind Frauen und M\u00e4nner. Die Symptome und Auspr\u00e4gungen sind individuell unterschiedlich. Bei den Betroffenen scheint die Ern\u00e4hrung Lebensmittelpunkt geworden zu sein. Die hinter der Essst\u00f6rung liegenden psychosozialen Konflikte werden ausgeblendet. Die Betroffenen nehmen nur noch sehr restriktiv Nahrung auf oder essen innerhalb eines Essanfalls \u00fcberm\u00e4\u00dfig, um dann zu erbrechen. Oft wird exzessiv Sport getrieben. Die Gewichtsabnahme, bzw. Methoden der Gewichtsabnahme (Medikamentenmissbrauch, Erbrechen) sind im hohen Ma\u00dfe gesundheitsgef\u00e4hrdend. Die Therapiemotivation tritt h\u00e4ufig sehr sp\u00e4t auf. Bei einem starken Gewichtsverlust l\u00e4sst sich ein station\u00e4rer Aufenthalt nicht vermeiden.<\/p>\n\n\n\n<p>Zu den Essst\u00f6rungen geh\u00f6rt ausserdem das Binge-Eating (\u201eschlingend essen\u201c). Die Betroffenen zeigen mehrmals w\u00f6chentlich ein unkontrolliertes und z\u00fcgelloses Hinunterst\u00fcrzen von vielen Kalorien, ohne -vermeintliche -gewichtsregulierende Ma\u00dfnahmen. Erst nach einem massiven V\u00f6llegef\u00fchl h\u00f6ren die Betroffenen auf zu essen. Sie werden von massiven Schuldgef\u00fchlen und Minderwertigkeitsgef\u00fchlen geplagt. das Selbstwertgef\u00fchl ist stark labilisiert, langfristig kann sich ein massives \u00dcbergewicht entwickeln, welches wiederum zu gesundheitlichen Schwierigkeiten f\u00fchren kann und das Selbstwertgef\u00fchl weiter reduziert.<\/p>\n\n\n\n<p>Externer Verweis:&nbsp;www.hungrig-online.de<\/p>\n","protected":false},"excerpt":{"rendered":"<p>Zur den&nbsp;Essst\u00f6rungen&nbsp;geh\u00f6ren die Anorexie (Magersucht), die Bulimie (Ess-Brechsucht) und das Binge-Eating (\u201eschlingend essen\u201c). Betroffen sind Frauen und M\u00e4nner. Die Symptome und Auspr\u00e4gungen sind individuell unterschiedlich. Bei den Betroffenen scheint die Ern\u00e4hrung Lebensmittelpunkt geworden zu sein. Die hinter der Essst\u00f6rung liegenden psychosozialen Konflikte werden ausgeblendet. Die Betroffenen nehmen nur noch sehr restriktiv Nahrung auf oder essen [&hellip;]<\/p>\n","protected":false},"author":1,"featured_media":0,"parent":32,"menu_order":2,"comment_status":"closed","ping_status":"closed","template":"","meta":{"footnotes":""},"class_list":["post-76","page","type-page","status-publish","czr-hentry"],"yoast_head":"<!-- This site is optimized with the Yoast SEO plugin v27.5 - https:\/\/yoast.com\/product\/yoast-seo-wordpress\/ -->\n<title>Essst\u00f6rungen - Praxis f\u00fcr Psychotherapie<\/title>\n<meta name=\"robots\" content=\"index, follow, max-snippet:-1, max-image-preview:large, max-video-preview:-1\" \/>\n<link rel=\"canonical\" href=\"https:\/\/www.psychotherapie-dresden-blasewitz.de\/index.php\/kompetenz\/essstoerungen\/\" \/>\n<meta property=\"og:locale\" content=\"de_DE\" \/>\n<meta property=\"og:type\" content=\"article\" \/>\n<meta property=\"og:title\" content=\"Essst\u00f6rungen - Praxis f\u00fcr Psychotherapie\" \/>\n<meta property=\"og:description\" content=\"Zur den&nbsp;Essst\u00f6rungen&nbsp;geh\u00f6ren die Anorexie (Magersucht), die Bulimie (Ess-Brechsucht) und das Binge-Eating (\u201eschlingend essen\u201c). Betroffen sind Frauen und M\u00e4nner. Die Symptome und Auspr\u00e4gungen sind individuell unterschiedlich. Bei den Betroffenen scheint die Ern\u00e4hrung Lebensmittelpunkt geworden zu sein. Die hinter der Essst\u00f6rung liegenden psychosozialen Konflikte werden ausgeblendet. Die Betroffenen nehmen nur noch sehr restriktiv Nahrung auf oder essen [&hellip;]\" \/>\n<meta property=\"og:url\" content=\"https:\/\/www.psychotherapie-dresden-blasewitz.de\/index.php\/kompetenz\/essstoerungen\/\" \/>\n<meta property=\"og:site_name\" content=\"Praxis f\u00fcr Psychotherapie\" \/>\n<meta property=\"article:modified_time\" content=\"2020-11-18T17:21:30+00:00\" \/>\n<meta name=\"twitter:card\" content=\"summary_large_image\" \/>\n<meta name=\"twitter:label1\" content=\"Gesch\u00e4tzte Lesezeit\" \/>\n\t<meta name=\"twitter:data1\" content=\"1\u00a0Minute\" \/>\n<script type=\"application\/ld+json\" class=\"yoast-schema-graph\">{\"@context\":\"https:\\\/\\\/schema.org\",\"@graph\":[{\"@type\":\"WebPage\",\"@id\":\"https:\\\/\\\/www.psychotherapie-dresden-blasewitz.de\\\/index.php\\\/kompetenz\\\/essstoerungen\\\/\",\"url\":\"https:\\\/\\\/www.psychotherapie-dresden-blasewitz.de\\\/index.php\\\/kompetenz\\\/essstoerungen\\\/\",\"name\":\"Essst\u00f6rungen - Praxis f\u00fcr Psychotherapie\",\"isPartOf\":{\"@id\":\"https:\\\/\\\/www.psychotherapie-dresden-blasewitz.de\\\/#website\"},\"datePublished\":\"2020-11-15T16:40:01+00:00\",\"dateModified\":\"2020-11-18T17:21:30+00:00\",\"breadcrumb\":{\"@id\":\"https:\\\/\\\/www.psychotherapie-dresden-blasewitz.de\\\/index.php\\\/kompetenz\\\/essstoerungen\\\/#breadcrumb\"},\"inLanguage\":\"de\",\"potentialAction\":[{\"@type\":\"ReadAction\",\"target\":[\"https:\\\/\\\/www.psychotherapie-dresden-blasewitz.de\\\/index.php\\\/kompetenz\\\/essstoerungen\\\/\"]}]},{\"@type\":\"BreadcrumbList\",\"@id\":\"https:\\\/\\\/www.psychotherapie-dresden-blasewitz.de\\\/index.php\\\/kompetenz\\\/essstoerungen\\\/#breadcrumb\",\"itemListElement\":[{\"@type\":\"ListItem\",\"position\":1,\"name\":\"Startseite\",\"item\":\"https:\\\/\\\/www.psychotherapie-dresden-blasewitz.de\\\/\"},{\"@type\":\"ListItem\",\"position\":2,\"name\":\"Kompetenz\",\"item\":\"https:\\\/\\\/www.psychotherapie-dresden-blasewitz.de\\\/index.php\\\/kompetenz\\\/\"},{\"@type\":\"ListItem\",\"position\":3,\"name\":\"Essst\u00f6rungen\"}]},{\"@type\":\"WebSite\",\"@id\":\"https:\\\/\\\/www.psychotherapie-dresden-blasewitz.de\\\/#website\",\"url\":\"https:\\\/\\\/www.psychotherapie-dresden-blasewitz.de\\\/\",\"name\":\"Praxis f\u00fcr Psychotherapie\",\"description\":\"Karin Bischoff-Krauth\u00e4user, Diplom-Psychologin, Psychologische Psychotherapeutin\",\"publisher\":{\"@id\":\"https:\\\/\\\/www.psychotherapie-dresden-blasewitz.de\\\/#organization\"},\"potentialAction\":[{\"@type\":\"SearchAction\",\"target\":{\"@type\":\"EntryPoint\",\"urlTemplate\":\"https:\\\/\\\/www.psychotherapie-dresden-blasewitz.de\\\/?s={search_term_string}\"},\"query-input\":{\"@type\":\"PropertyValueSpecification\",\"valueRequired\":true,\"valueName\":\"search_term_string\"}}],\"inLanguage\":\"de\"},{\"@type\":\"Organization\",\"@id\":\"https:\\\/\\\/www.psychotherapie-dresden-blasewitz.de\\\/#organization\",\"name\":\"Praxis f\u00fcr Psychotherapie Karin Bischoff-Krauth\u00e4user\",\"url\":\"https:\\\/\\\/www.psychotherapie-dresden-blasewitz.de\\\/\",\"logo\":{\"@type\":\"ImageObject\",\"inLanguage\":\"de\",\"@id\":\"https:\\\/\\\/www.psychotherapie-dresden-blasewitz.de\\\/#\\\/schema\\\/logo\\\/image\\\/\",\"url\":\"https:\\\/\\\/www.psychotherapie-dresden-blasewitz.de\\\/wp-content\\\/uploads\\\/2021\\\/10\\\/Bildschirmfoto-2021-10-30-um-13.40.11.png\",\"contentUrl\":\"https:\\\/\\\/www.psychotherapie-dresden-blasewitz.de\\\/wp-content\\\/uploads\\\/2021\\\/10\\\/Bildschirmfoto-2021-10-30-um-13.40.11.png\",\"width\":570,\"height\":314,\"caption\":\"Praxis f\u00fcr Psychotherapie Karin Bischoff-Krauth\u00e4user\"},\"image\":{\"@id\":\"https:\\\/\\\/www.psychotherapie-dresden-blasewitz.de\\\/#\\\/schema\\\/logo\\\/image\\\/\"}}]}<\/script>\n<!-- \/ Yoast SEO plugin. -->","yoast_head_json":{"title":"Essst\u00f6rungen - Praxis f\u00fcr Psychotherapie","robots":{"index":"index","follow":"follow","max-snippet":"max-snippet:-1","max-image-preview":"max-image-preview:large","max-video-preview":"max-video-preview:-1"},"canonical":"https:\/\/www.psychotherapie-dresden-blasewitz.de\/index.php\/kompetenz\/essstoerungen\/","og_locale":"de_DE","og_type":"article","og_title":"Essst\u00f6rungen - Praxis f\u00fcr Psychotherapie","og_description":"Zur den&nbsp;Essst\u00f6rungen&nbsp;geh\u00f6ren die Anorexie (Magersucht), die Bulimie (Ess-Brechsucht) und das Binge-Eating (\u201eschlingend essen\u201c). Betroffen sind Frauen und M\u00e4nner. Die Symptome und Auspr\u00e4gungen sind individuell unterschiedlich. Bei den Betroffenen scheint die Ern\u00e4hrung Lebensmittelpunkt geworden zu sein. Die hinter der Essst\u00f6rung liegenden psychosozialen Konflikte werden ausgeblendet. Die Betroffenen nehmen nur noch sehr restriktiv Nahrung auf oder essen [&hellip;]","og_url":"https:\/\/www.psychotherapie-dresden-blasewitz.de\/index.php\/kompetenz\/essstoerungen\/","og_site_name":"Praxis f\u00fcr Psychotherapie","article_modified_time":"2020-11-18T17:21:30+00:00","twitter_card":"summary_large_image","twitter_misc":{"Gesch\u00e4tzte Lesezeit":"1\u00a0Minute"},"schema":{"@context":"https:\/\/schema.org","@graph":[{"@type":"WebPage","@id":"https:\/\/www.psychotherapie-dresden-blasewitz.de\/index.php\/kompetenz\/essstoerungen\/","url":"https:\/\/www.psychotherapie-dresden-blasewitz.de\/index.php\/kompetenz\/essstoerungen\/","name":"Essst\u00f6rungen - Praxis f\u00fcr Psychotherapie","isPartOf":{"@id":"https:\/\/www.psychotherapie-dresden-blasewitz.de\/#website"},"datePublished":"2020-11-15T16:40:01+00:00","dateModified":"2020-11-18T17:21:30+00:00","breadcrumb":{"@id":"https:\/\/www.psychotherapie-dresden-blasewitz.de\/index.php\/kompetenz\/essstoerungen\/#breadcrumb"},"inLanguage":"de","potentialAction":[{"@type":"ReadAction","target":["https:\/\/www.psychotherapie-dresden-blasewitz.de\/index.php\/kompetenz\/essstoerungen\/"]}]},{"@type":"BreadcrumbList","@id":"https:\/\/www.psychotherapie-dresden-blasewitz.de\/index.php\/kompetenz\/essstoerungen\/#breadcrumb","itemListElement":[{"@type":"ListItem","position":1,"name":"Startseite","item":"https:\/\/www.psychotherapie-dresden-blasewitz.de\/"},{"@type":"ListItem","position":2,"name":"Kompetenz","item":"https:\/\/www.psychotherapie-dresden-blasewitz.de\/index.php\/kompetenz\/"},{"@type":"ListItem","position":3,"name":"Essst\u00f6rungen"}]},{"@type":"WebSite","@id":"https:\/\/www.psychotherapie-dresden-blasewitz.de\/#website","url":"https:\/\/www.psychotherapie-dresden-blasewitz.de\/","name":"Praxis f\u00fcr Psychotherapie","description":"Karin Bischoff-Krauth\u00e4user, Diplom-Psychologin, Psychologische Psychotherapeutin","publisher":{"@id":"https:\/\/www.psychotherapie-dresden-blasewitz.de\/#organization"},"potentialAction":[{"@type":"SearchAction","target":{"@type":"EntryPoint","urlTemplate":"https:\/\/www.psychotherapie-dresden-blasewitz.de\/?s={search_term_string}"},"query-input":{"@type":"PropertyValueSpecification","valueRequired":true,"valueName":"search_term_string"}}],"inLanguage":"de"},{"@type":"Organization","@id":"https:\/\/www.psychotherapie-dresden-blasewitz.de\/#organization","name":"Praxis f\u00fcr Psychotherapie Karin Bischoff-Krauth\u00e4user","url":"https:\/\/www.psychotherapie-dresden-blasewitz.de\/","logo":{"@type":"ImageObject","inLanguage":"de","@id":"https:\/\/www.psychotherapie-dresden-blasewitz.de\/#\/schema\/logo\/image\/","url":"https:\/\/www.psychotherapie-dresden-blasewitz.de\/wp-content\/uploads\/2021\/10\/Bildschirmfoto-2021-10-30-um-13.40.11.png","contentUrl":"https:\/\/www.psychotherapie-dresden-blasewitz.de\/wp-content\/uploads\/2021\/10\/Bildschirmfoto-2021-10-30-um-13.40.11.png","width":570,"height":314,"caption":"Praxis f\u00fcr Psychotherapie Karin Bischoff-Krauth\u00e4user"},"image":{"@id":"https:\/\/www.psychotherapie-dresden-blasewitz.de\/#\/schema\/logo\/image\/"}}]}},"_links":{"self":[{"href":"https:\/\/www.psychotherapie-dresden-blasewitz.de\/index.php\/wp-json\/wp\/v2\/pages\/76","targetHints":{"allow":["GET"]}}],"collection":[{"href":"https:\/\/www.psychotherapie-dresden-blasewitz.de\/index.php\/wp-json\/wp\/v2\/pages"}],"about":[{"href":"https:\/\/www.psychotherapie-dresden-blasewitz.de\/index.php\/wp-json\/wp\/v2\/types\/page"}],"author":[{"embeddable":true,"href":"https:\/\/www.psychotherapie-dresden-blasewitz.de\/index.php\/wp-json\/wp\/v2\/users\/1"}],"replies":[{"embeddable":true,"href":"https:\/\/www.psychotherapie-dresden-blasewitz.de\/index.php\/wp-json\/wp\/v2\/comments?post=76"}],"version-history":[{"count":4,"href":"https:\/\/www.psychotherapie-dresden-blasewitz.de\/index.php\/wp-json\/wp\/v2\/pages\/76\/revisions"}],"predecessor-version":[{"id":213,"href":"https:\/\/www.psychotherapie-dresden-blasewitz.de\/index.php\/wp-json\/wp\/v2\/pages\/76\/revisions\/213"}],"up":[{"embeddable":true,"href":"https:\/\/www.psychotherapie-dresden-blasewitz.de\/index.php\/wp-json\/wp\/v2\/pages\/32"}],"wp:attachment":[{"href":"https:\/\/www.psychotherapie-dresden-blasewitz.de\/index.php\/wp-json\/wp\/v2\/media?parent=76"}],"curies":[{"name":"wp","href":"https:\/\/api.w.org\/{rel}","templated":true}]}}