{"id":81,"date":"2020-11-15T17:40:54","date_gmt":"2020-11-15T16:40:54","guid":{"rendered":"https:\/\/www.psychotherapie-dresden-blasewitz.de\/?page_id=81"},"modified":"2020-11-15T20:53:07","modified_gmt":"2020-11-15T19:53:07","slug":"posttraumatische-belastungsstoerung-ptbs","status":"publish","type":"page","link":"https:\/\/www.psychotherapie-dresden-blasewitz.de\/index.php\/kompetenz\/posttraumatische-belastungsstoerung-ptbs\/","title":{"rendered":"Posttraumatische Belastungsst\u00f6rung (PTBS)"},"content":{"rendered":"\n<p>Eine posttraumatische Belastungsst\u00f6rung kann sich nach einer Extrembelastung (Unfall, Krieg, Gewalterfahrung, etc.) entwickeln, welche die betroffene Person nicht verarbeitet. Auftretende Symptome k\u00f6nnen z.B.&nbsp;<a href=\"https:\/\/www.psychotherapie-dresden-blasewitz.de\/index.php\/kompetenz\/affektive-stoerungen\/\">Depressionen<\/a>,&nbsp;<a href=\"https:\/\/www.psychotherapie-dresden-blasewitz.de\/index.php\/kompetenz\/angst\/\">\u00c4ngste<\/a>, Schlafst\u00f6rungen, psychosomatische Beschwerden und besonders nicht kontrollierbare, qu\u00e4lende Erinnerungen an das Ereignis sein, die sich quasi aus heiteren Himmel oder durch Schl\u00fcsselreize (Ger\u00e4usche, Ger\u00fcche, etc.) aufdr\u00e4ngen.<\/p>\n\n\n\n<p>Die Psychotherapie als kognitive Verhaltenstherapie stellt Methoden zur Verf\u00fcgung, die Erinnerungen an das Ereignis zu ordnen und die Furcht zu verarbeiten. Medikamente k\u00f6nnen die akuten Beschwerden lindern. Schwerpunkt sollte aber psychotherapeutische Verfahren bilden. Mit einer Psychotherapie kann die Symptomatik in der Regel zumindestens wesentlich verbessert werden.<\/p>\n\n\n\n<p>Externer Verweis:&nbsp;<a href=\"http:\/\/www.medizinfo.de\/kopfundseele\/trauma\/ptbs.shtml\">www.medizinfo.de<\/a><\/p>\n","protected":false},"excerpt":{"rendered":"<p>Eine posttraumatische Belastungsst\u00f6rung kann sich nach einer Extrembelastung (Unfall, Krieg, Gewalterfahrung, etc.) entwickeln, welche die betroffene Person nicht verarbeitet. Auftretende Symptome k\u00f6nnen z.B.&nbsp;Depressionen,&nbsp;\u00c4ngste, Schlafst\u00f6rungen, psychosomatische Beschwerden und besonders nicht kontrollierbare, qu\u00e4lende Erinnerungen an das Ereignis sein, die sich quasi aus heiteren Himmel oder durch Schl\u00fcsselreize (Ger\u00e4usche, Ger\u00fcche, etc.) aufdr\u00e4ngen. Die Psychotherapie als kognitive Verhaltenstherapie stellt [&hellip;]<\/p>\n","protected":false},"author":1,"featured_media":0,"parent":32,"menu_order":4,"comment_status":"closed","ping_status":"closed","template":"","meta":{"footnotes":""},"class_list":["post-81","page","type-page","status-publish","czr-hentry"],"yoast_head":"<!-- This site is optimized with the Yoast SEO plugin v27.4 - https:\/\/yoast.com\/product\/yoast-seo-wordpress\/ -->\n<title>Posttraumatische Belastungsst\u00f6rung (PTBS) - Praxis f\u00fcr Psychotherapie<\/title>\n<meta name=\"robots\" content=\"index, follow, max-snippet:-1, max-image-preview:large, max-video-preview:-1\" \/>\n<link rel=\"canonical\" href=\"https:\/\/www.psychotherapie-dresden-blasewitz.de\/index.php\/kompetenz\/posttraumatische-belastungsstoerung-ptbs\/\" \/>\n<meta property=\"og:locale\" content=\"de_DE\" \/>\n<meta property=\"og:type\" content=\"article\" \/>\n<meta property=\"og:title\" content=\"Posttraumatische Belastungsst\u00f6rung (PTBS) - Praxis f\u00fcr Psychotherapie\" \/>\n<meta property=\"og:description\" content=\"Eine posttraumatische Belastungsst\u00f6rung kann sich nach einer Extrembelastung (Unfall, Krieg, Gewalterfahrung, etc.) entwickeln, welche die betroffene Person nicht verarbeitet. Auftretende Symptome k\u00f6nnen z.B.&nbsp;Depressionen,&nbsp;\u00c4ngste, Schlafst\u00f6rungen, psychosomatische Beschwerden und besonders nicht kontrollierbare, qu\u00e4lende Erinnerungen an das Ereignis sein, die sich quasi aus heiteren Himmel oder durch Schl\u00fcsselreize (Ger\u00e4usche, Ger\u00fcche, etc.) aufdr\u00e4ngen. Die Psychotherapie als kognitive Verhaltenstherapie stellt [&hellip;]\" \/>\n<meta property=\"og:url\" content=\"https:\/\/www.psychotherapie-dresden-blasewitz.de\/index.php\/kompetenz\/posttraumatische-belastungsstoerung-ptbs\/\" \/>\n<meta property=\"og:site_name\" content=\"Praxis f\u00fcr Psychotherapie\" \/>\n<meta property=\"article:modified_time\" content=\"2020-11-15T19:53:07+00:00\" \/>\n<meta name=\"twitter:card\" content=\"summary_large_image\" \/>\n<meta name=\"twitter:label1\" content=\"Gesch\u00e4tzte Lesezeit\" \/>\n\t<meta name=\"twitter:data1\" content=\"1\u00a0Minute\" \/>\n<script type=\"application\/ld+json\" class=\"yoast-schema-graph\">{\"@context\":\"https:\\\/\\\/schema.org\",\"@graph\":[{\"@type\":\"WebPage\",\"@id\":\"https:\\\/\\\/www.psychotherapie-dresden-blasewitz.de\\\/index.php\\\/kompetenz\\\/posttraumatische-belastungsstoerung-ptbs\\\/\",\"url\":\"https:\\\/\\\/www.psychotherapie-dresden-blasewitz.de\\\/index.php\\\/kompetenz\\\/posttraumatische-belastungsstoerung-ptbs\\\/\",\"name\":\"Posttraumatische Belastungsst\u00f6rung (PTBS) - Praxis f\u00fcr Psychotherapie\",\"isPartOf\":{\"@id\":\"https:\\\/\\\/www.psychotherapie-dresden-blasewitz.de\\\/#website\"},\"datePublished\":\"2020-11-15T16:40:54+00:00\",\"dateModified\":\"2020-11-15T19:53:07+00:00\",\"breadcrumb\":{\"@id\":\"https:\\\/\\\/www.psychotherapie-dresden-blasewitz.de\\\/index.php\\\/kompetenz\\\/posttraumatische-belastungsstoerung-ptbs\\\/#breadcrumb\"},\"inLanguage\":\"de\",\"potentialAction\":[{\"@type\":\"ReadAction\",\"target\":[\"https:\\\/\\\/www.psychotherapie-dresden-blasewitz.de\\\/index.php\\\/kompetenz\\\/posttraumatische-belastungsstoerung-ptbs\\\/\"]}]},{\"@type\":\"BreadcrumbList\",\"@id\":\"https:\\\/\\\/www.psychotherapie-dresden-blasewitz.de\\\/index.php\\\/kompetenz\\\/posttraumatische-belastungsstoerung-ptbs\\\/#breadcrumb\",\"itemListElement\":[{\"@type\":\"ListItem\",\"position\":1,\"name\":\"Startseite\",\"item\":\"https:\\\/\\\/www.psychotherapie-dresden-blasewitz.de\\\/\"},{\"@type\":\"ListItem\",\"position\":2,\"name\":\"Kompetenz\",\"item\":\"https:\\\/\\\/www.psychotherapie-dresden-blasewitz.de\\\/index.php\\\/kompetenz\\\/\"},{\"@type\":\"ListItem\",\"position\":3,\"name\":\"Posttraumatische Belastungsst\u00f6rung (PTBS)\"}]},{\"@type\":\"WebSite\",\"@id\":\"https:\\\/\\\/www.psychotherapie-dresden-blasewitz.de\\\/#website\",\"url\":\"https:\\\/\\\/www.psychotherapie-dresden-blasewitz.de\\\/\",\"name\":\"Praxis f\u00fcr Psychotherapie\",\"description\":\"Karin Bischoff-Krauth\u00e4user, Diplom-Psychologin, Psychologische Psychotherapeutin\",\"publisher\":{\"@id\":\"https:\\\/\\\/www.psychotherapie-dresden-blasewitz.de\\\/#organization\"},\"potentialAction\":[{\"@type\":\"SearchAction\",\"target\":{\"@type\":\"EntryPoint\",\"urlTemplate\":\"https:\\\/\\\/www.psychotherapie-dresden-blasewitz.de\\\/?s={search_term_string}\"},\"query-input\":{\"@type\":\"PropertyValueSpecification\",\"valueRequired\":true,\"valueName\":\"search_term_string\"}}],\"inLanguage\":\"de\"},{\"@type\":\"Organization\",\"@id\":\"https:\\\/\\\/www.psychotherapie-dresden-blasewitz.de\\\/#organization\",\"name\":\"Praxis f\u00fcr Psychotherapie Karin Bischoff-Krauth\u00e4user\",\"url\":\"https:\\\/\\\/www.psychotherapie-dresden-blasewitz.de\\\/\",\"logo\":{\"@type\":\"ImageObject\",\"inLanguage\":\"de\",\"@id\":\"https:\\\/\\\/www.psychotherapie-dresden-blasewitz.de\\\/#\\\/schema\\\/logo\\\/image\\\/\",\"url\":\"https:\\\/\\\/www.psychotherapie-dresden-blasewitz.de\\\/wp-content\\\/uploads\\\/2021\\\/10\\\/Bildschirmfoto-2021-10-30-um-13.40.11.png\",\"contentUrl\":\"https:\\\/\\\/www.psychotherapie-dresden-blasewitz.de\\\/wp-content\\\/uploads\\\/2021\\\/10\\\/Bildschirmfoto-2021-10-30-um-13.40.11.png\",\"width\":570,\"height\":314,\"caption\":\"Praxis f\u00fcr Psychotherapie Karin Bischoff-Krauth\u00e4user\"},\"image\":{\"@id\":\"https:\\\/\\\/www.psychotherapie-dresden-blasewitz.de\\\/#\\\/schema\\\/logo\\\/image\\\/\"}}]}<\/script>\n<!-- \/ Yoast SEO plugin. -->","yoast_head_json":{"title":"Posttraumatische Belastungsst\u00f6rung (PTBS) - Praxis f\u00fcr Psychotherapie","robots":{"index":"index","follow":"follow","max-snippet":"max-snippet:-1","max-image-preview":"max-image-preview:large","max-video-preview":"max-video-preview:-1"},"canonical":"https:\/\/www.psychotherapie-dresden-blasewitz.de\/index.php\/kompetenz\/posttraumatische-belastungsstoerung-ptbs\/","og_locale":"de_DE","og_type":"article","og_title":"Posttraumatische Belastungsst\u00f6rung (PTBS) - Praxis f\u00fcr Psychotherapie","og_description":"Eine posttraumatische Belastungsst\u00f6rung kann sich nach einer Extrembelastung (Unfall, Krieg, Gewalterfahrung, etc.) entwickeln, welche die betroffene Person nicht verarbeitet. Auftretende Symptome k\u00f6nnen z.B.&nbsp;Depressionen,&nbsp;\u00c4ngste, Schlafst\u00f6rungen, psychosomatische Beschwerden und besonders nicht kontrollierbare, qu\u00e4lende Erinnerungen an das Ereignis sein, die sich quasi aus heiteren Himmel oder durch Schl\u00fcsselreize (Ger\u00e4usche, Ger\u00fcche, etc.) aufdr\u00e4ngen. Die Psychotherapie als kognitive Verhaltenstherapie stellt [&hellip;]","og_url":"https:\/\/www.psychotherapie-dresden-blasewitz.de\/index.php\/kompetenz\/posttraumatische-belastungsstoerung-ptbs\/","og_site_name":"Praxis f\u00fcr Psychotherapie","article_modified_time":"2020-11-15T19:53:07+00:00","twitter_card":"summary_large_image","twitter_misc":{"Gesch\u00e4tzte Lesezeit":"1\u00a0Minute"},"schema":{"@context":"https:\/\/schema.org","@graph":[{"@type":"WebPage","@id":"https:\/\/www.psychotherapie-dresden-blasewitz.de\/index.php\/kompetenz\/posttraumatische-belastungsstoerung-ptbs\/","url":"https:\/\/www.psychotherapie-dresden-blasewitz.de\/index.php\/kompetenz\/posttraumatische-belastungsstoerung-ptbs\/","name":"Posttraumatische Belastungsst\u00f6rung (PTBS) - Praxis f\u00fcr Psychotherapie","isPartOf":{"@id":"https:\/\/www.psychotherapie-dresden-blasewitz.de\/#website"},"datePublished":"2020-11-15T16:40:54+00:00","dateModified":"2020-11-15T19:53:07+00:00","breadcrumb":{"@id":"https:\/\/www.psychotherapie-dresden-blasewitz.de\/index.php\/kompetenz\/posttraumatische-belastungsstoerung-ptbs\/#breadcrumb"},"inLanguage":"de","potentialAction":[{"@type":"ReadAction","target":["https:\/\/www.psychotherapie-dresden-blasewitz.de\/index.php\/kompetenz\/posttraumatische-belastungsstoerung-ptbs\/"]}]},{"@type":"BreadcrumbList","@id":"https:\/\/www.psychotherapie-dresden-blasewitz.de\/index.php\/kompetenz\/posttraumatische-belastungsstoerung-ptbs\/#breadcrumb","itemListElement":[{"@type":"ListItem","position":1,"name":"Startseite","item":"https:\/\/www.psychotherapie-dresden-blasewitz.de\/"},{"@type":"ListItem","position":2,"name":"Kompetenz","item":"https:\/\/www.psychotherapie-dresden-blasewitz.de\/index.php\/kompetenz\/"},{"@type":"ListItem","position":3,"name":"Posttraumatische Belastungsst\u00f6rung (PTBS)"}]},{"@type":"WebSite","@id":"https:\/\/www.psychotherapie-dresden-blasewitz.de\/#website","url":"https:\/\/www.psychotherapie-dresden-blasewitz.de\/","name":"Praxis f\u00fcr Psychotherapie","description":"Karin Bischoff-Krauth\u00e4user, Diplom-Psychologin, Psychologische Psychotherapeutin","publisher":{"@id":"https:\/\/www.psychotherapie-dresden-blasewitz.de\/#organization"},"potentialAction":[{"@type":"SearchAction","target":{"@type":"EntryPoint","urlTemplate":"https:\/\/www.psychotherapie-dresden-blasewitz.de\/?s={search_term_string}"},"query-input":{"@type":"PropertyValueSpecification","valueRequired":true,"valueName":"search_term_string"}}],"inLanguage":"de"},{"@type":"Organization","@id":"https:\/\/www.psychotherapie-dresden-blasewitz.de\/#organization","name":"Praxis f\u00fcr Psychotherapie Karin Bischoff-Krauth\u00e4user","url":"https:\/\/www.psychotherapie-dresden-blasewitz.de\/","logo":{"@type":"ImageObject","inLanguage":"de","@id":"https:\/\/www.psychotherapie-dresden-blasewitz.de\/#\/schema\/logo\/image\/","url":"https:\/\/www.psychotherapie-dresden-blasewitz.de\/wp-content\/uploads\/2021\/10\/Bildschirmfoto-2021-10-30-um-13.40.11.png","contentUrl":"https:\/\/www.psychotherapie-dresden-blasewitz.de\/wp-content\/uploads\/2021\/10\/Bildschirmfoto-2021-10-30-um-13.40.11.png","width":570,"height":314,"caption":"Praxis f\u00fcr Psychotherapie Karin Bischoff-Krauth\u00e4user"},"image":{"@id":"https:\/\/www.psychotherapie-dresden-blasewitz.de\/#\/schema\/logo\/image\/"}}]}},"_links":{"self":[{"href":"https:\/\/www.psychotherapie-dresden-blasewitz.de\/index.php\/wp-json\/wp\/v2\/pages\/81","targetHints":{"allow":["GET"]}}],"collection":[{"href":"https:\/\/www.psychotherapie-dresden-blasewitz.de\/index.php\/wp-json\/wp\/v2\/pages"}],"about":[{"href":"https:\/\/www.psychotherapie-dresden-blasewitz.de\/index.php\/wp-json\/wp\/v2\/types\/page"}],"author":[{"embeddable":true,"href":"https:\/\/www.psychotherapie-dresden-blasewitz.de\/index.php\/wp-json\/wp\/v2\/users\/1"}],"replies":[{"embeddable":true,"href":"https:\/\/www.psychotherapie-dresden-blasewitz.de\/index.php\/wp-json\/wp\/v2\/comments?post=81"}],"version-history":[{"count":6,"href":"https:\/\/www.psychotherapie-dresden-blasewitz.de\/index.php\/wp-json\/wp\/v2\/pages\/81\/revisions"}],"predecessor-version":[{"id":168,"href":"https:\/\/www.psychotherapie-dresden-blasewitz.de\/index.php\/wp-json\/wp\/v2\/pages\/81\/revisions\/168"}],"up":[{"embeddable":true,"href":"https:\/\/www.psychotherapie-dresden-blasewitz.de\/index.php\/wp-json\/wp\/v2\/pages\/32"}],"wp:attachment":[{"href":"https:\/\/www.psychotherapie-dresden-blasewitz.de\/index.php\/wp-json\/wp\/v2\/media?parent=81"}],"curies":[{"name":"wp","href":"https:\/\/api.w.org\/{rel}","templated":true}]}}